{"id":1357,"date":"2024-05-14T14:26:21","date_gmt":"2024-05-14T14:26:21","guid":{"rendered":"https:\/\/wwspolska.pl\/?post_type=product&#038;p=1357"},"modified":"2025-08-30T13:36:00","modified_gmt":"2025-08-30T13:36:00","slug":"terminal-wagowy-dfwkrp-3-bezprzewodowy","status":"publish","type":"product","link":"https:\/\/wwspolska.pl\/index.php\/produkt\/terminal-wagowy-dfwkrp-3-bezprzewodowy\/","title":{"rendered":"Terminal wagowy DFWKRP-3 &#8211; Bezprzewodowy"},"content":{"rendered":"<p>Wielofunkcyjny cyfrowy wska\u017anik masy w wersji Rack w komplecie z 4 z\u0142\u0105czami do \u0142\u0105czenia platform, wbudowanym akumulatorem, \u0142adowark\u0105, drukark\u0105 termiczn\u0105, godzin\u0105\/dat\u0105 i walizk\u0105. Szczeg\u00f3lnie nadaje si\u0119 do zastosowa\u0144 zwi\u0105zanych z wa\u017ceniem pojazd\u00f3w. Dopuszczenie CE-M (OIML R-76 \/ EN 45501).<\/p>\n<p>G\u0141\u00d3WNE CECHY<br \/>\nWodoodporna klawiatura funkcjonalna z 17 klawiszami.<br \/>\nPod\u015bwietlany wy\u015bwietlacz LCD z 6 cyframi o wysokim kontra\u015bcie 25 mm i wskazaniem aktywnych funkcji.<br \/>\nMetalowa obudowa typu rack.<br \/>\nKalibracja, parametry konfiguracji, wydruki itp., wszystko konfigurowalne z klawiatury.<br \/>\nZarz\u0105dzanie instrumentem i konfiguracja z komputera PC za pomoc\u0105 DINITOOLS.<br \/>\nDo 10.000e w trybie jednozakresowym @ 0,3 \u00b5V\/e w wersji zatwierdzonej przez CE-M do u\u017cytku komercyjnego.<br \/>\nDo 1.000.000 wy\u015bwietlanych dzia\u0142ek z wewn\u0119trzn\u0105 rozdzielczo\u015bci\u0105 do 3.000.000 punkt\u00f3w.<br \/>\nA\/D 24-bitowa, 4-kana\u0142owa konwersja sigma-delta, do 200 konwersji\/sek. autoselekcja i do 8 punkt\u00f3w linearyzacji sygna\u0142u.<br \/>\nWyposa\u017cony w 4 z\u0142\u0105cza umo\u017cliwiaj\u0105ce pod\u0142\u0105czenie do 4 platform.<br \/>\nMo\u017cliwo\u015b\u0107 pod\u0142\u0105czenia do 25 analogowych czujnik\u00f3w wagowych o rezystancji wej\u015bciowej 1000 om\u00f3w.<br \/>\nWbudowany akumulator (minimalny czas pracy 10 godzin) z zamontowanym zewn\u0119trznym zasilaczem 12 Vdc \/ 230 Vac.<br \/>\nWyposa\u017cony w drukark\u0119 termiczn\u0105, godzin\u0119\/dat\u0119, obudow\u0119 wska\u017anika obudowy oraz miejsce na inne akcesoria.<br \/>\nWymiary: 325x460x170 mm; Waga ca\u0142kowita: oko\u0142o 5 kg.<\/p>\n<p>&nbsp;<\/p>\n<p>&nbsp;<\/p>\n","protected":false},"excerpt":{"rendered":"<p>&nbsp;<\/p>\n<p>STEROWANIE :<br \/>\nCykl zerowy na wszystkich po\u0142\u0105czonych platformach.<br \/>\nWizualizacja ci\u0119\u017caru ka\u017cdej pojedynczej platformy, masy ca\u0142kowitej lub dowolnej kombinacji platform.<br \/>\nWizualizacja masy ka\u017cdej osi (RMS) i masy ca\u0142kowitej.<br \/>\nProste wa\u017cenie pojazd\u00f3w z wydrukiem masy ka\u017cdego pojedynczego ko\u0142a oraz masy ca\u0142kowitej.<br \/>\nSumowanie ci\u0105gnika i przyczepy z wydrukiem sum cz\u0119\u015bciowych i sumy pojazdu.<br \/>\nStatyczne sumowanie osi z wydrukiem masy ka\u017cdej pojedynczej osi i sumy pojazdu.<br \/>\nProste wej\u015bcie\/wyj\u015bcie.<br \/>\nWej\u015bcie\/wyj\u015bcie z sumowaniem osi.<br \/>\nCa\u0142kowita suma zwa\u017conych pojazd\u00f3w.<br \/>\nObliczanie i drukowanie \u015brodka ci\u0119\u017cko\u015bci.<br \/>\nDRUKOWANIE:<br \/>\nKonfigurowalny uk\u0142ad wydruku za pomoc\u0105:<br \/>\nWaga ka\u017cdej pojedynczej platformy i suma dowolnej ich kombinacji.<br \/>\nCa\u0142kowita masa pojazdu.<br \/>\nCa\u0142kowita suma zwa\u017conych pojazd\u00f3w.<br \/>\nWsp\u00f3\u0142rz\u0119dne \u015brodka ci\u0119\u017cko\u015bci pojazdu.<br \/>\nNumer biletu.<br \/>\nWa\u017cy liczb\u0119.<br \/>\nKod kreskowy 39.<br \/>\nData i godzina.<br \/>\nZ PILOTA:<br \/>\nPilot na podczerwie\u0144 z 19 klawiszami: zerowanie, tarowanie \/ tarowanie r\u0119czne, w\u0142\u0105czanie \/ wy\u0142\u0105czanie funkcji, drukowanie, wy\u0142\u0105czanie.<br \/>\nPilot 6-przyciskowy o cz\u0119stotliwo\u015bci radiowej: zero, tara, w\u0142\u0105czenie\/wy\u0142\u0105czenie funkcji, drukowanie, wy\u0142\u0105czenie.<\/p>\n","protected":false},"featured_media":382,"comment_status":"open","ping_status":"closed","template":"","meta":{"_et_pb_use_builder":"","_et_pb_old_content":"","_et_gb_content_width":""},"product_brand":[],"product_cat":[36],"product_tag":[],"class_list":{"0":"post-1357","1":"product","2":"type-product","3":"status-publish","4":"has-post-thumbnail","6":"product_cat-terminal-wagowy","8":"first","9":"instock","10":"taxable","11":"shipping-taxable","12":"purchasable","13":"product-type-simple"},"yoast_head":"<!-- This site is optimized with the Yoast SEO plugin v27.4 - https:\/\/yoast.com\/product\/yoast-seo-wordpress\/ -->\n<title>Bezprzewodowy terminal wagowy DFWKRP-3 przeno\u015bny wska\u017anik masy | WWS POLSKA<\/title>\n<meta name=\"description\" content=\"Bezprzewodowy terminal wagowy DFWKRP-3 - przeno\u015bny wska\u017anik masy z zasilaniem akumulatorowym. Sprawd\u017a parametry lub skontaktuj si\u0119 z nami!\" \/>\n<meta name=\"robots\" content=\"index, follow, max-snippet:-1, max-image-preview:large, max-video-preview:-1\" \/>\n<link rel=\"canonical\" href=\"https:\/\/wwspolska.pl\/index.php\/produkt\/terminal-wagowy-dfwkrp-3-bezprzewodowy\/\" \/>\n<meta property=\"og:locale\" content=\"pl_PL\" \/>\n<meta property=\"og:type\" content=\"article\" \/>\n<meta property=\"og:title\" content=\"Bezprzewodowy terminal wagowy DFWKRP-3 przeno\u015bny wska\u017anik masy | WWS POLSKA\" \/>\n<meta property=\"og:description\" content=\"Bezprzewodowy terminal wagowy DFWKRP-3 - przeno\u015bny wska\u017anik masy z zasilaniem akumulatorowym. Sprawd\u017a parametry lub skontaktuj si\u0119 z nami!\" \/>\n<meta property=\"og:url\" content=\"https:\/\/wwspolska.pl\/index.php\/produkt\/terminal-wagowy-dfwkrp-3-bezprzewodowy\/\" \/>\n<meta property=\"og:site_name\" content=\"WWS POLSKA\" \/>\n<meta property=\"article:modified_time\" content=\"2025-08-30T13:36:00+00:00\" \/>\n<meta property=\"og:image\" content=\"https:\/\/wwspolska.pl\/wp-content\/uploads\/2022\/05\/DFWKRP-3.jpg\" \/>\n\t<meta property=\"og:image:width\" content=\"350\" \/>\n\t<meta property=\"og:image:height\" content=\"350\" \/>\n\t<meta property=\"og:image:type\" content=\"image\/jpeg\" \/>\n<meta name=\"twitter:card\" content=\"summary_large_image\" \/>\n<meta name=\"twitter:label1\" content=\"Szacowany czas czytania\" \/>\n\t<meta name=\"twitter:data1\" content=\"2 minuty\" \/>\n<script type=\"application\/ld+json\" class=\"yoast-schema-graph\">{\"@context\":\"https:\\\/\\\/schema.org\",\"@graph\":[{\"@type\":\"WebPage\",\"@id\":\"https:\\\/\\\/wwspolska.pl\\\/index.php\\\/produkt\\\/terminal-wagowy-dfwkrp-3-bezprzewodowy\\\/\",\"url\":\"https:\\\/\\\/wwspolska.pl\\\/index.php\\\/produkt\\\/terminal-wagowy-dfwkrp-3-bezprzewodowy\\\/\",\"name\":\"Bezprzewodowy terminal wagowy DFWKRP-3 przeno\u015bny wska\u017anik masy | WWS POLSKA\",\"isPartOf\":{\"@id\":\"https:\\\/\\\/wwspolska.pl\\\/#website\"},\"primaryImageOfPage\":{\"@id\":\"https:\\\/\\\/wwspolska.pl\\\/index.php\\\/produkt\\\/terminal-wagowy-dfwkrp-3-bezprzewodowy\\\/#primaryimage\"},\"image\":{\"@id\":\"https:\\\/\\\/wwspolska.pl\\\/index.php\\\/produkt\\\/terminal-wagowy-dfwkrp-3-bezprzewodowy\\\/#primaryimage\"},\"thumbnailUrl\":\"https:\\\/\\\/wwspolska.pl\\\/wp-content\\\/uploads\\\/2022\\\/05\\\/DFWKRP-3.jpg\",\"datePublished\":\"2024-05-14T14:26:21+00:00\",\"dateModified\":\"2025-08-30T13:36:00+00:00\",\"description\":\"Bezprzewodowy terminal wagowy DFWKRP-3 - przeno\u015bny wska\u017anik masy z zasilaniem akumulatorowym. Sprawd\u017a parametry lub skontaktuj si\u0119 z nami!\",\"breadcrumb\":{\"@id\":\"https:\\\/\\\/wwspolska.pl\\\/index.php\\\/produkt\\\/terminal-wagowy-dfwkrp-3-bezprzewodowy\\\/#breadcrumb\"},\"inLanguage\":\"pl-PL\",\"potentialAction\":[{\"@type\":\"ReadAction\",\"target\":[\"https:\\\/\\\/wwspolska.pl\\\/index.php\\\/produkt\\\/terminal-wagowy-dfwkrp-3-bezprzewodowy\\\/\"]}]},{\"@type\":\"ImageObject\",\"inLanguage\":\"pl-PL\",\"@id\":\"https:\\\/\\\/wwspolska.pl\\\/index.php\\\/produkt\\\/terminal-wagowy-dfwkrp-3-bezprzewodowy\\\/#primaryimage\",\"url\":\"https:\\\/\\\/wwspolska.pl\\\/wp-content\\\/uploads\\\/2022\\\/05\\\/DFWKRP-3.jpg\",\"contentUrl\":\"https:\\\/\\\/wwspolska.pl\\\/wp-content\\\/uploads\\\/2022\\\/05\\\/DFWKRP-3.jpg\",\"width\":350,\"height\":350},{\"@type\":\"BreadcrumbList\",\"@id\":\"https:\\\/\\\/wwspolska.pl\\\/index.php\\\/produkt\\\/terminal-wagowy-dfwkrp-3-bezprzewodowy\\\/#breadcrumb\",\"itemListElement\":[{\"@type\":\"ListItem\",\"position\":1,\"name\":\"Strona g\u0142\u00f3wna\",\"item\":\"https:\\\/\\\/wwspolska.pl\\\/\"},{\"@type\":\"ListItem\",\"position\":2,\"name\":\"Sklep\",\"item\":\"https:\\\/\\\/wwspolska.pl\\\/index.php\\\/sklep\\\/\"},{\"@type\":\"ListItem\",\"position\":3,\"name\":\"Terminal wagowy DFWKRP-3 &#8211; Bezprzewodowy\"}]},{\"@type\":\"WebSite\",\"@id\":\"https:\\\/\\\/wwspolska.pl\\\/#website\",\"url\":\"https:\\\/\\\/wwspolska.pl\\\/\",\"name\":\"WWS POLSKA\",\"description\":\"Mobilne wagi samochodowe\",\"publisher\":{\"@id\":\"https:\\\/\\\/wwspolska.pl\\\/#organization\"},\"potentialAction\":[{\"@type\":\"SearchAction\",\"target\":{\"@type\":\"EntryPoint\",\"urlTemplate\":\"https:\\\/\\\/wwspolska.pl\\\/?s={search_term_string}\"},\"query-input\":{\"@type\":\"PropertyValueSpecification\",\"valueRequired\":true,\"valueName\":\"search_term_string\"}}],\"inLanguage\":\"pl-PL\"},{\"@type\":\"Organization\",\"@id\":\"https:\\\/\\\/wwspolska.pl\\\/#organization\",\"name\":\"WWS POLSKA\",\"url\":\"https:\\\/\\\/wwspolska.pl\\\/\",\"logo\":{\"@type\":\"ImageObject\",\"inLanguage\":\"pl-PL\",\"@id\":\"https:\\\/\\\/wwspolska.pl\\\/#\\\/schema\\\/logo\\\/image\\\/\",\"url\":\"https:\\\/\\\/wwspolska.pl\\\/wp-content\\\/uploads\\\/2024\\\/04\\\/WWS-Polska-2-e1713207082943.png\",\"contentUrl\":\"https:\\\/\\\/wwspolska.pl\\\/wp-content\\\/uploads\\\/2024\\\/04\\\/WWS-Polska-2-e1713207082943.png\",\"width\":500,\"height\":111,\"caption\":\"WWS POLSKA\"},\"image\":{\"@id\":\"https:\\\/\\\/wwspolska.pl\\\/#\\\/schema\\\/logo\\\/image\\\/\"}}]}<\/script>\n<!-- \/ Yoast SEO plugin. -->","yoast_head_json":{"title":"Bezprzewodowy terminal wagowy DFWKRP-3 przeno\u015bny wska\u017anik masy | WWS POLSKA","description":"Bezprzewodowy terminal wagowy DFWKRP-3 - przeno\u015bny wska\u017anik masy z zasilaniem akumulatorowym. Sprawd\u017a parametry lub skontaktuj si\u0119 z nami!","robots":{"index":"index","follow":"follow","max-snippet":"max-snippet:-1","max-image-preview":"max-image-preview:large","max-video-preview":"max-video-preview:-1"},"canonical":"https:\/\/wwspolska.pl\/index.php\/produkt\/terminal-wagowy-dfwkrp-3-bezprzewodowy\/","og_locale":"pl_PL","og_type":"article","og_title":"Bezprzewodowy terminal wagowy DFWKRP-3 przeno\u015bny wska\u017anik masy | WWS POLSKA","og_description":"Bezprzewodowy terminal wagowy DFWKRP-3 - przeno\u015bny wska\u017anik masy z zasilaniem akumulatorowym. Sprawd\u017a parametry lub skontaktuj si\u0119 z nami!","og_url":"https:\/\/wwspolska.pl\/index.php\/produkt\/terminal-wagowy-dfwkrp-3-bezprzewodowy\/","og_site_name":"WWS POLSKA","article_modified_time":"2025-08-30T13:36:00+00:00","og_image":[{"width":350,"height":350,"url":"https:\/\/wwspolska.pl\/wp-content\/uploads\/2022\/05\/DFWKRP-3.jpg","type":"image\/jpeg"}],"twitter_card":"summary_large_image","twitter_misc":{"Szacowany czas czytania":"2 minuty"},"schema":{"@context":"https:\/\/schema.org","@graph":[{"@type":"WebPage","@id":"https:\/\/wwspolska.pl\/index.php\/produkt\/terminal-wagowy-dfwkrp-3-bezprzewodowy\/","url":"https:\/\/wwspolska.pl\/index.php\/produkt\/terminal-wagowy-dfwkrp-3-bezprzewodowy\/","name":"Bezprzewodowy terminal wagowy DFWKRP-3 przeno\u015bny wska\u017anik masy | WWS POLSKA","isPartOf":{"@id":"https:\/\/wwspolska.pl\/#website"},"primaryImageOfPage":{"@id":"https:\/\/wwspolska.pl\/index.php\/produkt\/terminal-wagowy-dfwkrp-3-bezprzewodowy\/#primaryimage"},"image":{"@id":"https:\/\/wwspolska.pl\/index.php\/produkt\/terminal-wagowy-dfwkrp-3-bezprzewodowy\/#primaryimage"},"thumbnailUrl":"https:\/\/wwspolska.pl\/wp-content\/uploads\/2022\/05\/DFWKRP-3.jpg","datePublished":"2024-05-14T14:26:21+00:00","dateModified":"2025-08-30T13:36:00+00:00","description":"Bezprzewodowy terminal wagowy DFWKRP-3 - przeno\u015bny wska\u017anik masy z zasilaniem akumulatorowym. Sprawd\u017a parametry lub skontaktuj si\u0119 z nami!","breadcrumb":{"@id":"https:\/\/wwspolska.pl\/index.php\/produkt\/terminal-wagowy-dfwkrp-3-bezprzewodowy\/#breadcrumb"},"inLanguage":"pl-PL","potentialAction":[{"@type":"ReadAction","target":["https:\/\/wwspolska.pl\/index.php\/produkt\/terminal-wagowy-dfwkrp-3-bezprzewodowy\/"]}]},{"@type":"ImageObject","inLanguage":"pl-PL","@id":"https:\/\/wwspolska.pl\/index.php\/produkt\/terminal-wagowy-dfwkrp-3-bezprzewodowy\/#primaryimage","url":"https:\/\/wwspolska.pl\/wp-content\/uploads\/2022\/05\/DFWKRP-3.jpg","contentUrl":"https:\/\/wwspolska.pl\/wp-content\/uploads\/2022\/05\/DFWKRP-3.jpg","width":350,"height":350},{"@type":"BreadcrumbList","@id":"https:\/\/wwspolska.pl\/index.php\/produkt\/terminal-wagowy-dfwkrp-3-bezprzewodowy\/#breadcrumb","itemListElement":[{"@type":"ListItem","position":1,"name":"Strona g\u0142\u00f3wna","item":"https:\/\/wwspolska.pl\/"},{"@type":"ListItem","position":2,"name":"Sklep","item":"https:\/\/wwspolska.pl\/index.php\/sklep\/"},{"@type":"ListItem","position":3,"name":"Terminal wagowy DFWKRP-3 &#8211; Bezprzewodowy"}]},{"@type":"WebSite","@id":"https:\/\/wwspolska.pl\/#website","url":"https:\/\/wwspolska.pl\/","name":"WWS POLSKA","description":"Mobilne wagi samochodowe","publisher":{"@id":"https:\/\/wwspolska.pl\/#organization"},"potentialAction":[{"@type":"SearchAction","target":{"@type":"EntryPoint","urlTemplate":"https:\/\/wwspolska.pl\/?s={search_term_string}"},"query-input":{"@type":"PropertyValueSpecification","valueRequired":true,"valueName":"search_term_string"}}],"inLanguage":"pl-PL"},{"@type":"Organization","@id":"https:\/\/wwspolska.pl\/#organization","name":"WWS POLSKA","url":"https:\/\/wwspolska.pl\/","logo":{"@type":"ImageObject","inLanguage":"pl-PL","@id":"https:\/\/wwspolska.pl\/#\/schema\/logo\/image\/","url":"https:\/\/wwspolska.pl\/wp-content\/uploads\/2024\/04\/WWS-Polska-2-e1713207082943.png","contentUrl":"https:\/\/wwspolska.pl\/wp-content\/uploads\/2024\/04\/WWS-Polska-2-e1713207082943.png","width":500,"height":111,"caption":"WWS POLSKA"},"image":{"@id":"https:\/\/wwspolska.pl\/#\/schema\/logo\/image\/"}}]}},"_links":{"self":[{"href":"https:\/\/wwspolska.pl\/index.php\/wp-json\/wp\/v2\/product\/1357","targetHints":{"allow":["GET"]}}],"collection":[{"href":"https:\/\/wwspolska.pl\/index.php\/wp-json\/wp\/v2\/product"}],"about":[{"href":"https:\/\/wwspolska.pl\/index.php\/wp-json\/wp\/v2\/types\/product"}],"replies":[{"embeddable":true,"href":"https:\/\/wwspolska.pl\/index.php\/wp-json\/wp\/v2\/comments?post=1357"}],"wp:featuredmedia":[{"embeddable":true,"href":"https:\/\/wwspolska.pl\/index.php\/wp-json\/wp\/v2\/media\/382"}],"wp:attachment":[{"href":"https:\/\/wwspolska.pl\/index.php\/wp-json\/wp\/v2\/media?parent=1357"}],"wp:term":[{"taxonomy":"product_brand","embeddable":true,"href":"https:\/\/wwspolska.pl\/index.php\/wp-json\/wp\/v2\/product_brand?post=1357"},{"taxonomy":"product_cat","embeddable":true,"href":"https:\/\/wwspolska.pl\/index.php\/wp-json\/wp\/v2\/product_cat?post=1357"},{"taxonomy":"product_tag","embeddable":true,"href":"https:\/\/wwspolska.pl\/index.php\/wp-json\/wp\/v2\/product_tag?post=1357"}],"curies":[{"name":"wp","href":"https:\/\/api.w.org\/{rel}","templated":true}]}}