{"id":1771,"date":"2024-10-11T09:28:33","date_gmt":"2024-10-11T09:28:33","guid":{"rendered":"https:\/\/wwspolska.pl\/?post_type=product&#038;p=1771"},"modified":"2025-08-30T12:37:42","modified_gmt":"2025-08-30T12:37:42","slug":"rampa-najazdowa-aluminiowa","status":"publish","type":"product","link":"https:\/\/wwspolska.pl\/index.php\/produkt\/rampa-najazdowa-aluminiowa\/","title":{"rendered":"Rampa najazdowa aluminiowa"},"content":{"rendered":"<p>Specjalna wulkanizowana guma antypo\u015blizgowa zastosowana pod ramp\u0105 zapewnia dobr\u0105 przyczepno\u015b\u0107 na ka\u017cdym typie nawierzchni.<br \/>\nSolidna konstrukcja, wykonana ze specjalnego aluminium.<br \/>\nWyposa\u017cony w zestaw monta\u017cowy.<br \/>\n\u0141atwy w transporcie, sk\u0142adany na platformie.<\/p>\n","protected":false},"excerpt":{"rendered":"<p>Specjalna wulkanizowana guma antypo\u015blizgowa zastosowana pod ramp\u0105 zapewnia dobr\u0105 przyczepno\u015b\u0107 na ka\u017cdym typie nawierzchni. Solidna konstrukcja, wykonana ze specjalnego aluminium. Wyposa\u017cony w zestaw monta\u017cowy. \u0141atwy w transporcie, sk\u0142adany na platformie.<\/p>\n","protected":false},"featured_media":1772,"comment_status":"open","ping_status":"closed","template":"","meta":{"_et_pb_use_builder":"","_et_pb_old_content":"","_et_gb_content_width":""},"product_brand":[],"product_cat":[16],"product_tag":[],"class_list":{"0":"post-1771","1":"product","2":"type-product","3":"status-publish","4":"has-post-thumbnail","6":"product_cat-bez-kategorii","8":"first","9":"instock","10":"taxable","11":"shipping-taxable","12":"purchasable","13":"product-type-simple"},"yoast_head":"<!-- This site is optimized with the Yoast SEO plugin v27.4 - https:\/\/yoast.com\/product\/yoast-seo-wordpress\/ -->\n<title>Rampa najazdowa aluminiowa do wagi samochodowej przeno\u015bnej | WWS POLSKA<\/title>\n<meta name=\"description\" content=\"Rampa najazdowa aluminiowa do przeno\u015bnej wagi samochodowej - lekka, wytrzyma\u0142a i \u0142atwa w monta\u017cu. Sprawd\u017a dost\u0119pno\u015b\u0107 lub skontaktuj si\u0119 z nami!\" \/>\n<meta name=\"robots\" content=\"index, follow, max-snippet:-1, max-image-preview:large, max-video-preview:-1\" \/>\n<link rel=\"canonical\" href=\"https:\/\/wwspolska.pl\/index.php\/produkt\/rampa-najazdowa-aluminiowa\/\" \/>\n<meta property=\"og:locale\" content=\"pl_PL\" \/>\n<meta property=\"og:type\" content=\"article\" \/>\n<meta property=\"og:title\" content=\"Rampa najazdowa aluminiowa do wagi samochodowej przeno\u015bnej | WWS POLSKA\" \/>\n<meta property=\"og:description\" content=\"Rampa najazdowa aluminiowa do przeno\u015bnej wagi samochodowej - lekka, wytrzyma\u0142a i \u0142atwa w monta\u017cu. Sprawd\u017a dost\u0119pno\u015b\u0107 lub skontaktuj si\u0119 z nami!\" \/>\n<meta property=\"og:url\" content=\"https:\/\/wwspolska.pl\/index.php\/produkt\/rampa-najazdowa-aluminiowa\/\" \/>\n<meta property=\"og:site_name\" content=\"WWS POLSKA\" \/>\n<meta property=\"article:modified_time\" content=\"2025-08-30T12:37:42+00:00\" \/>\n<meta property=\"og:image\" content=\"https:\/\/wwspolska.pl\/wp-content\/uploads\/2024\/10\/WWSxR.jpg\" \/>\n\t<meta property=\"og:image:width\" content=\"350\" \/>\n\t<meta property=\"og:image:height\" content=\"233\" \/>\n\t<meta property=\"og:image:type\" content=\"image\/jpeg\" \/>\n<meta name=\"twitter:card\" content=\"summary_large_image\" \/>\n<meta name=\"twitter:label1\" content=\"Szacowany czas czytania\" \/>\n\t<meta name=\"twitter:data1\" content=\"1 minuta\" \/>\n<script type=\"application\/ld+json\" class=\"yoast-schema-graph\">{\"@context\":\"https:\\\/\\\/schema.org\",\"@graph\":[{\"@type\":\"WebPage\",\"@id\":\"https:\\\/\\\/wwspolska.pl\\\/index.php\\\/produkt\\\/rampa-najazdowa-aluminiowa\\\/\",\"url\":\"https:\\\/\\\/wwspolska.pl\\\/index.php\\\/produkt\\\/rampa-najazdowa-aluminiowa\\\/\",\"name\":\"Rampa najazdowa aluminiowa do wagi samochodowej przeno\u015bnej | WWS POLSKA\",\"isPartOf\":{\"@id\":\"https:\\\/\\\/wwspolska.pl\\\/#website\"},\"primaryImageOfPage\":{\"@id\":\"https:\\\/\\\/wwspolska.pl\\\/index.php\\\/produkt\\\/rampa-najazdowa-aluminiowa\\\/#primaryimage\"},\"image\":{\"@id\":\"https:\\\/\\\/wwspolska.pl\\\/index.php\\\/produkt\\\/rampa-najazdowa-aluminiowa\\\/#primaryimage\"},\"thumbnailUrl\":\"https:\\\/\\\/wwspolska.pl\\\/wp-content\\\/uploads\\\/2024\\\/10\\\/WWSxR.jpg\",\"datePublished\":\"2024-10-11T09:28:33+00:00\",\"dateModified\":\"2025-08-30T12:37:42+00:00\",\"description\":\"Rampa najazdowa aluminiowa do przeno\u015bnej wagi samochodowej - lekka, wytrzyma\u0142a i \u0142atwa w monta\u017cu. Sprawd\u017a dost\u0119pno\u015b\u0107 lub skontaktuj si\u0119 z nami!\",\"breadcrumb\":{\"@id\":\"https:\\\/\\\/wwspolska.pl\\\/index.php\\\/produkt\\\/rampa-najazdowa-aluminiowa\\\/#breadcrumb\"},\"inLanguage\":\"pl-PL\",\"potentialAction\":[{\"@type\":\"ReadAction\",\"target\":[\"https:\\\/\\\/wwspolska.pl\\\/index.php\\\/produkt\\\/rampa-najazdowa-aluminiowa\\\/\"]}]},{\"@type\":\"ImageObject\",\"inLanguage\":\"pl-PL\",\"@id\":\"https:\\\/\\\/wwspolska.pl\\\/index.php\\\/produkt\\\/rampa-najazdowa-aluminiowa\\\/#primaryimage\",\"url\":\"https:\\\/\\\/wwspolska.pl\\\/wp-content\\\/uploads\\\/2024\\\/10\\\/WWSxR.jpg\",\"contentUrl\":\"https:\\\/\\\/wwspolska.pl\\\/wp-content\\\/uploads\\\/2024\\\/10\\\/WWSxR.jpg\",\"width\":350,\"height\":233},{\"@type\":\"BreadcrumbList\",\"@id\":\"https:\\\/\\\/wwspolska.pl\\\/index.php\\\/produkt\\\/rampa-najazdowa-aluminiowa\\\/#breadcrumb\",\"itemListElement\":[{\"@type\":\"ListItem\",\"position\":1,\"name\":\"Strona g\u0142\u00f3wna\",\"item\":\"https:\\\/\\\/wwspolska.pl\\\/\"},{\"@type\":\"ListItem\",\"position\":2,\"name\":\"Sklep\",\"item\":\"https:\\\/\\\/wwspolska.pl\\\/index.php\\\/sklep\\\/\"},{\"@type\":\"ListItem\",\"position\":3,\"name\":\"Rampa najazdowa aluminiowa\"}]},{\"@type\":\"WebSite\",\"@id\":\"https:\\\/\\\/wwspolska.pl\\\/#website\",\"url\":\"https:\\\/\\\/wwspolska.pl\\\/\",\"name\":\"WWS POLSKA\",\"description\":\"Mobilne wagi samochodowe\",\"publisher\":{\"@id\":\"https:\\\/\\\/wwspolska.pl\\\/#organization\"},\"potentialAction\":[{\"@type\":\"SearchAction\",\"target\":{\"@type\":\"EntryPoint\",\"urlTemplate\":\"https:\\\/\\\/wwspolska.pl\\\/?s={search_term_string}\"},\"query-input\":{\"@type\":\"PropertyValueSpecification\",\"valueRequired\":true,\"valueName\":\"search_term_string\"}}],\"inLanguage\":\"pl-PL\"},{\"@type\":\"Organization\",\"@id\":\"https:\\\/\\\/wwspolska.pl\\\/#organization\",\"name\":\"WWS POLSKA\",\"url\":\"https:\\\/\\\/wwspolska.pl\\\/\",\"logo\":{\"@type\":\"ImageObject\",\"inLanguage\":\"pl-PL\",\"@id\":\"https:\\\/\\\/wwspolska.pl\\\/#\\\/schema\\\/logo\\\/image\\\/\",\"url\":\"https:\\\/\\\/wwspolska.pl\\\/wp-content\\\/uploads\\\/2024\\\/04\\\/WWS-Polska-2-e1713207082943.png\",\"contentUrl\":\"https:\\\/\\\/wwspolska.pl\\\/wp-content\\\/uploads\\\/2024\\\/04\\\/WWS-Polska-2-e1713207082943.png\",\"width\":500,\"height\":111,\"caption\":\"WWS POLSKA\"},\"image\":{\"@id\":\"https:\\\/\\\/wwspolska.pl\\\/#\\\/schema\\\/logo\\\/image\\\/\"}}]}<\/script>\n<!-- \/ Yoast SEO plugin. -->","yoast_head_json":{"title":"Rampa najazdowa aluminiowa do wagi samochodowej przeno\u015bnej | WWS POLSKA","description":"Rampa najazdowa aluminiowa do przeno\u015bnej wagi samochodowej - lekka, wytrzyma\u0142a i \u0142atwa w monta\u017cu. Sprawd\u017a dost\u0119pno\u015b\u0107 lub skontaktuj si\u0119 z nami!","robots":{"index":"index","follow":"follow","max-snippet":"max-snippet:-1","max-image-preview":"max-image-preview:large","max-video-preview":"max-video-preview:-1"},"canonical":"https:\/\/wwspolska.pl\/index.php\/produkt\/rampa-najazdowa-aluminiowa\/","og_locale":"pl_PL","og_type":"article","og_title":"Rampa najazdowa aluminiowa do wagi samochodowej przeno\u015bnej | WWS POLSKA","og_description":"Rampa najazdowa aluminiowa do przeno\u015bnej wagi samochodowej - lekka, wytrzyma\u0142a i \u0142atwa w monta\u017cu. Sprawd\u017a dost\u0119pno\u015b\u0107 lub skontaktuj si\u0119 z nami!","og_url":"https:\/\/wwspolska.pl\/index.php\/produkt\/rampa-najazdowa-aluminiowa\/","og_site_name":"WWS POLSKA","article_modified_time":"2025-08-30T12:37:42+00:00","og_image":[{"width":350,"height":233,"url":"https:\/\/wwspolska.pl\/wp-content\/uploads\/2024\/10\/WWSxR.jpg","type":"image\/jpeg"}],"twitter_card":"summary_large_image","twitter_misc":{"Szacowany czas czytania":"1 minuta"},"schema":{"@context":"https:\/\/schema.org","@graph":[{"@type":"WebPage","@id":"https:\/\/wwspolska.pl\/index.php\/produkt\/rampa-najazdowa-aluminiowa\/","url":"https:\/\/wwspolska.pl\/index.php\/produkt\/rampa-najazdowa-aluminiowa\/","name":"Rampa najazdowa aluminiowa do wagi samochodowej przeno\u015bnej | WWS POLSKA","isPartOf":{"@id":"https:\/\/wwspolska.pl\/#website"},"primaryImageOfPage":{"@id":"https:\/\/wwspolska.pl\/index.php\/produkt\/rampa-najazdowa-aluminiowa\/#primaryimage"},"image":{"@id":"https:\/\/wwspolska.pl\/index.php\/produkt\/rampa-najazdowa-aluminiowa\/#primaryimage"},"thumbnailUrl":"https:\/\/wwspolska.pl\/wp-content\/uploads\/2024\/10\/WWSxR.jpg","datePublished":"2024-10-11T09:28:33+00:00","dateModified":"2025-08-30T12:37:42+00:00","description":"Rampa najazdowa aluminiowa do przeno\u015bnej wagi samochodowej - lekka, wytrzyma\u0142a i \u0142atwa w monta\u017cu. Sprawd\u017a dost\u0119pno\u015b\u0107 lub skontaktuj si\u0119 z nami!","breadcrumb":{"@id":"https:\/\/wwspolska.pl\/index.php\/produkt\/rampa-najazdowa-aluminiowa\/#breadcrumb"},"inLanguage":"pl-PL","potentialAction":[{"@type":"ReadAction","target":["https:\/\/wwspolska.pl\/index.php\/produkt\/rampa-najazdowa-aluminiowa\/"]}]},{"@type":"ImageObject","inLanguage":"pl-PL","@id":"https:\/\/wwspolska.pl\/index.php\/produkt\/rampa-najazdowa-aluminiowa\/#primaryimage","url":"https:\/\/wwspolska.pl\/wp-content\/uploads\/2024\/10\/WWSxR.jpg","contentUrl":"https:\/\/wwspolska.pl\/wp-content\/uploads\/2024\/10\/WWSxR.jpg","width":350,"height":233},{"@type":"BreadcrumbList","@id":"https:\/\/wwspolska.pl\/index.php\/produkt\/rampa-najazdowa-aluminiowa\/#breadcrumb","itemListElement":[{"@type":"ListItem","position":1,"name":"Strona g\u0142\u00f3wna","item":"https:\/\/wwspolska.pl\/"},{"@type":"ListItem","position":2,"name":"Sklep","item":"https:\/\/wwspolska.pl\/index.php\/sklep\/"},{"@type":"ListItem","position":3,"name":"Rampa najazdowa aluminiowa"}]},{"@type":"WebSite","@id":"https:\/\/wwspolska.pl\/#website","url":"https:\/\/wwspolska.pl\/","name":"WWS POLSKA","description":"Mobilne wagi samochodowe","publisher":{"@id":"https:\/\/wwspolska.pl\/#organization"},"potentialAction":[{"@type":"SearchAction","target":{"@type":"EntryPoint","urlTemplate":"https:\/\/wwspolska.pl\/?s={search_term_string}"},"query-input":{"@type":"PropertyValueSpecification","valueRequired":true,"valueName":"search_term_string"}}],"inLanguage":"pl-PL"},{"@type":"Organization","@id":"https:\/\/wwspolska.pl\/#organization","name":"WWS POLSKA","url":"https:\/\/wwspolska.pl\/","logo":{"@type":"ImageObject","inLanguage":"pl-PL","@id":"https:\/\/wwspolska.pl\/#\/schema\/logo\/image\/","url":"https:\/\/wwspolska.pl\/wp-content\/uploads\/2024\/04\/WWS-Polska-2-e1713207082943.png","contentUrl":"https:\/\/wwspolska.pl\/wp-content\/uploads\/2024\/04\/WWS-Polska-2-e1713207082943.png","width":500,"height":111,"caption":"WWS POLSKA"},"image":{"@id":"https:\/\/wwspolska.pl\/#\/schema\/logo\/image\/"}}]}},"_links":{"self":[{"href":"https:\/\/wwspolska.pl\/index.php\/wp-json\/wp\/v2\/product\/1771","targetHints":{"allow":["GET"]}}],"collection":[{"href":"https:\/\/wwspolska.pl\/index.php\/wp-json\/wp\/v2\/product"}],"about":[{"href":"https:\/\/wwspolska.pl\/index.php\/wp-json\/wp\/v2\/types\/product"}],"replies":[{"embeddable":true,"href":"https:\/\/wwspolska.pl\/index.php\/wp-json\/wp\/v2\/comments?post=1771"}],"wp:featuredmedia":[{"embeddable":true,"href":"https:\/\/wwspolska.pl\/index.php\/wp-json\/wp\/v2\/media\/1772"}],"wp:attachment":[{"href":"https:\/\/wwspolska.pl\/index.php\/wp-json\/wp\/v2\/media?parent=1771"}],"wp:term":[{"taxonomy":"product_brand","embeddable":true,"href":"https:\/\/wwspolska.pl\/index.php\/wp-json\/wp\/v2\/product_brand?post=1771"},{"taxonomy":"product_cat","embeddable":true,"href":"https:\/\/wwspolska.pl\/index.php\/wp-json\/wp\/v2\/product_cat?post=1771"},{"taxonomy":"product_tag","embeddable":true,"href":"https:\/\/wwspolska.pl\/index.php\/wp-json\/wp\/v2\/product_tag?post=1771"}],"curies":[{"name":"wp","href":"https:\/\/api.w.org\/{rel}","templated":true}]}}