{"id":32,"date":"2022-05-12T11:15:05","date_gmt":"2022-05-12T11:15:05","guid":{"rendered":"https:\/\/wwspolska.pl\/?post_type=product&#038;p=32"},"modified":"2026-03-30T18:36:46","modified_gmt":"2026-03-30T18:36:46","slug":"wwsc","status":"publish","type":"product","link":"https:\/\/wwspolska.pl\/index.php\/produkt\/wwsc\/","title":{"rendered":"WWSC"},"content":{"rendered":"<p>Podk\u0142adki przeznaczone do tworzenia stanowisk wa\u017cenia du\u017cych pojazd\u00f3w (furgonetki, ci\u0119\u017car\u00f3wki, cysterny, ci\u0105gniki siod\u0142owe itp.)<br \/>\nSzczeg\u00f3lnie dok\u0142adne i wytrzyma\u0142e<\/p>\n<p>Podk\u0142adki przeznaczone do tworzenia stanowisk wa\u017c\u0105cych dla du\u017cych pojazd\u00f3w (samochody dostawcze, ci\u0119\u017car\u00f3wki, cysterny, ci\u0105gniki siod\u0142owe itp.); szczeg\u00f3lnie dok\u0142adne i wytrzyma\u0142e, z dba\u0142o\u015bci\u0105 o szczeg\u00f3\u0142y.<\/p>\n<p>Karta Produktu :<\/p>\n<p><a href=\"https:\/\/wwspolska.pl\/wp-content\/uploads\/2022\/09\/WWSC.pdf\"><img loading=\"lazy\" decoding=\"async\" class=\"alignnone size-full wp-image-1190\" src=\"https:\/\/wwspolska.pl\/wp-content\/uploads\/2022\/09\/pdf-1.png\" alt=\"\" width=\"64\" height=\"64\" \/><\/a><\/p>\n<p>&nbsp;<\/p>\n","protected":false},"excerpt":{"rendered":"<p><strong>CECHY<\/strong><\/p>\n<p>Wymiary podk\u0142adki: 500x400mm<br \/>\nObszar wa\u017cenia: 400x315mm<br \/>\nWymiary gabarytowe: patrz rysunek techniczny<br \/>\nWaga: oko\u0142o 18kg.<br \/>\nUchwyt u\u0142atwiaj\u0105cy obs\u0142ug\u0119.<br \/>\nWyposa\u017cony w k\u00f3\u0142ka do transportu pad\u00f3w.<br \/>\nSolidna konstrukcja, wykonana ze specjalnego aluminium, co gwarantuje lekko\u015b\u0107 i sprawia, \u017ce \u200b\u200bnadaj\u0105 si\u0119 r\u00f3wnie\u017c do trudnych warunk\u00f3w pracy.<br \/>\nKabel PUR o d\u0142ugo\u015bci 10 m, ze z\u0142\u0105czem IP68 po stronie platformy i nowym z\u0142\u0105czem M12 po stronie wska\u017anika masy.<br \/>\nOgniwa obci\u0105\u017cnikowe ze stali nierdzewnej IP68.<br \/>\nPuszka przy\u0142\u0105czeniowa hermetyczna IP68.<br \/>\nSpecjalna wulkanizowana guma antypo\u015blizgowa zastosowana pod podk\u0142adk\u0105 zapewnia dobr\u0105 przyczepno\u015b\u0107 na ka\u017cdym typie nawierzchni.<br \/>\nNiezwykle proste i niezawodne po\u0142\u0105czenie wagi z miernikiem masy.<br \/>\nDost\u0119pne w wersji zatwierdzonej do handlu.<br \/>\nDost\u0119pne w wersji o wysokiej rozdzielczo\u015bci.<br \/>\nDost\u0119pne po wycenie w wersji Atex dla stref 1&amp;21 i 2&amp;22.<\/p>\n<p>&nbsp;<\/p>\n","protected":false},"featured_media":38,"comment_status":"open","ping_status":"closed","template":"","meta":{"_et_pb_use_builder":"off","_et_pb_old_content":"Podk\u0142adki przeznaczone do tworzenia stanowisk wa\u017cenia du\u017cych pojazd\u00f3w (furgonetki, ci\u0119\u017car\u00f3wki, cysterny, ci\u0105gniki siod\u0142owe itp.)\r\nSzczeg\u00f3lnie dok\u0142adne i wytrzyma\u0142e, z dba\u0142o\u015bci\u0105 o szczeg\u00f3\u0142y.","_et_gb_content_width":""},"product_brand":[],"product_cat":[17,35],"product_tag":[],"class_list":{"0":"post-32","1":"product","2":"type-product","3":"status-publish","4":"has-post-thumbnail","6":"product_cat-waga-podkladkowa-przewodowa","7":"product_cat-zestawy","9":"first","10":"instock","11":"taxable","12":"shipping-taxable","13":"purchasable","14":"product-type-variable"},"yoast_head":"<!-- This site is optimized with the Yoast SEO plugin v27.4 - https:\/\/yoast.com\/product\/yoast-seo-wordpress\/ -->\n<title>Waga podk\u0142adkowa do wa\u017cenia du\u017cych pojazd\u00f3w WWSC | WWS POLSKA<\/title>\n<meta name=\"robots\" content=\"index, follow, max-snippet:-1, max-image-preview:large, max-video-preview:-1\" \/>\n<link rel=\"canonical\" href=\"https:\/\/wwspolska.pl\/index.php\/produkt\/wwsc\/\" \/>\n<meta property=\"og:locale\" content=\"pl_PL\" \/>\n<meta property=\"og:type\" content=\"article\" \/>\n<meta property=\"og:title\" content=\"Waga podk\u0142adkowa do wa\u017cenia du\u017cych pojazd\u00f3w WWSC | WWS POLSKA\" \/>\n<meta property=\"og:description\" content=\"CECHY  Wymiary podk\u0142adki: 500x400mm Obszar wa\u017cenia: 400x315mm Wymiary gabarytowe: patrz rysunek techniczny Waga: oko\u0142o 18kg. Uchwyt u\u0142atwiaj\u0105cy obs\u0142ug\u0119. Wyposa\u017cony w k\u00f3\u0142ka do transportu pad\u00f3w. Solidna konstrukcja, wykonana ze specjalnego aluminium, co gwarantuje lekko\u015b\u0107 i sprawia, \u017ce \u200b\u200bnadaj\u0105 si\u0119 r\u00f3wnie\u017c do trudnych warunk\u00f3w pracy. Kabel PUR o d\u0142ugo\u015bci 10 m, ze z\u0142\u0105czem IP68 po stronie platformy i nowym z\u0142\u0105czem M12 po stronie wska\u017anika masy. Ogniwa obci\u0105\u017cnikowe ze stali nierdzewnej IP68. Puszka przy\u0142\u0105czeniowa hermetyczna IP68. Specjalna wulkanizowana guma antypo\u015blizgowa zastosowana pod podk\u0142adk\u0105 zapewnia dobr\u0105 przyczepno\u015b\u0107 na ka\u017cdym typie nawierzchni. Niezwykle proste i niezawodne po\u0142\u0105czenie wagi z miernikiem masy. Dost\u0119pne w wersji zatwierdzonej do handlu. Dost\u0119pne w wersji o wysokiej rozdzielczo\u015bci. Dost\u0119pne po wycenie w wersji Atex dla stref 1&amp;21 i 2&amp;22.  &nbsp;\" \/>\n<meta property=\"og:url\" content=\"https:\/\/wwspolska.pl\/index.php\/produkt\/wwsc\/\" \/>\n<meta property=\"og:site_name\" content=\"WWS POLSKA\" \/>\n<meta property=\"article:modified_time\" content=\"2026-03-30T18:36:46+00:00\" \/>\n<meta property=\"og:image\" content=\"https:\/\/wwspolska.pl\/wp-content\/uploads\/2022\/05\/WWSC-2.jpg\" \/>\n\t<meta property=\"og:image:width\" content=\"350\" \/>\n\t<meta property=\"og:image:height\" content=\"350\" \/>\n\t<meta property=\"og:image:type\" content=\"image\/jpeg\" \/>\n<meta name=\"twitter:card\" content=\"summary_large_image\" \/>\n<meta name=\"twitter:label1\" content=\"Szacowany czas czytania\" \/>\n\t<meta name=\"twitter:data1\" content=\"1 minuta\" \/>\n<script type=\"application\/ld+json\" class=\"yoast-schema-graph\">{\"@context\":\"https:\\\/\\\/schema.org\",\"@graph\":[{\"@type\":\"WebPage\",\"@id\":\"https:\\\/\\\/wwspolska.pl\\\/index.php\\\/produkt\\\/wwsc\\\/\",\"url\":\"https:\\\/\\\/wwspolska.pl\\\/index.php\\\/produkt\\\/wwsc\\\/\",\"name\":\"Waga podk\u0142adkowa do wa\u017cenia du\u017cych pojazd\u00f3w WWSC | WWS POLSKA\",\"isPartOf\":{\"@id\":\"https:\\\/\\\/wwspolska.pl\\\/#website\"},\"primaryImageOfPage\":{\"@id\":\"https:\\\/\\\/wwspolska.pl\\\/index.php\\\/produkt\\\/wwsc\\\/#primaryimage\"},\"image\":{\"@id\":\"https:\\\/\\\/wwspolska.pl\\\/index.php\\\/produkt\\\/wwsc\\\/#primaryimage\"},\"thumbnailUrl\":\"https:\\\/\\\/wwspolska.pl\\\/wp-content\\\/uploads\\\/2022\\\/05\\\/WWSC-2.jpg\",\"datePublished\":\"2022-05-12T11:15:05+00:00\",\"dateModified\":\"2026-03-30T18:36:46+00:00\",\"breadcrumb\":{\"@id\":\"https:\\\/\\\/wwspolska.pl\\\/index.php\\\/produkt\\\/wwsc\\\/#breadcrumb\"},\"inLanguage\":\"pl-PL\",\"potentialAction\":[{\"@type\":\"ReadAction\",\"target\":[\"https:\\\/\\\/wwspolska.pl\\\/index.php\\\/produkt\\\/wwsc\\\/\"]}]},{\"@type\":\"ImageObject\",\"inLanguage\":\"pl-PL\",\"@id\":\"https:\\\/\\\/wwspolska.pl\\\/index.php\\\/produkt\\\/wwsc\\\/#primaryimage\",\"url\":\"https:\\\/\\\/wwspolska.pl\\\/wp-content\\\/uploads\\\/2022\\\/05\\\/WWSC-2.jpg\",\"contentUrl\":\"https:\\\/\\\/wwspolska.pl\\\/wp-content\\\/uploads\\\/2022\\\/05\\\/WWSC-2.jpg\",\"width\":350,\"height\":350},{\"@type\":\"BreadcrumbList\",\"@id\":\"https:\\\/\\\/wwspolska.pl\\\/index.php\\\/produkt\\\/wwsc\\\/#breadcrumb\",\"itemListElement\":[{\"@type\":\"ListItem\",\"position\":1,\"name\":\"Strona g\u0142\u00f3wna\",\"item\":\"https:\\\/\\\/wwspolska.pl\\\/\"},{\"@type\":\"ListItem\",\"position\":2,\"name\":\"Sklep\",\"item\":\"https:\\\/\\\/wwspolska.pl\\\/index.php\\\/sklep\\\/\"},{\"@type\":\"ListItem\",\"position\":3,\"name\":\"WWSC\"}]},{\"@type\":\"WebSite\",\"@id\":\"https:\\\/\\\/wwspolska.pl\\\/#website\",\"url\":\"https:\\\/\\\/wwspolska.pl\\\/\",\"name\":\"WWS POLSKA\",\"description\":\"Mobilne wagi samochodowe\",\"publisher\":{\"@id\":\"https:\\\/\\\/wwspolska.pl\\\/#organization\"},\"potentialAction\":[{\"@type\":\"SearchAction\",\"target\":{\"@type\":\"EntryPoint\",\"urlTemplate\":\"https:\\\/\\\/wwspolska.pl\\\/?s={search_term_string}\"},\"query-input\":{\"@type\":\"PropertyValueSpecification\",\"valueRequired\":true,\"valueName\":\"search_term_string\"}}],\"inLanguage\":\"pl-PL\"},{\"@type\":\"Organization\",\"@id\":\"https:\\\/\\\/wwspolska.pl\\\/#organization\",\"name\":\"WWS POLSKA\",\"url\":\"https:\\\/\\\/wwspolska.pl\\\/\",\"logo\":{\"@type\":\"ImageObject\",\"inLanguage\":\"pl-PL\",\"@id\":\"https:\\\/\\\/wwspolska.pl\\\/#\\\/schema\\\/logo\\\/image\\\/\",\"url\":\"https:\\\/\\\/wwspolska.pl\\\/wp-content\\\/uploads\\\/2024\\\/04\\\/WWS-Polska-2-e1713207082943.png\",\"contentUrl\":\"https:\\\/\\\/wwspolska.pl\\\/wp-content\\\/uploads\\\/2024\\\/04\\\/WWS-Polska-2-e1713207082943.png\",\"width\":500,\"height\":111,\"caption\":\"WWS POLSKA\"},\"image\":{\"@id\":\"https:\\\/\\\/wwspolska.pl\\\/#\\\/schema\\\/logo\\\/image\\\/\"}}]}<\/script>\n<!-- \/ Yoast SEO plugin. -->","yoast_head_json":{"title":"Waga podk\u0142adkowa do wa\u017cenia du\u017cych pojazd\u00f3w WWSC | WWS POLSKA","robots":{"index":"index","follow":"follow","max-snippet":"max-snippet:-1","max-image-preview":"max-image-preview:large","max-video-preview":"max-video-preview:-1"},"canonical":"https:\/\/wwspolska.pl\/index.php\/produkt\/wwsc\/","og_locale":"pl_PL","og_type":"article","og_title":"Waga podk\u0142adkowa do wa\u017cenia du\u017cych pojazd\u00f3w WWSC | WWS POLSKA","og_description":"CECHY  Wymiary podk\u0142adki: 500x400mm Obszar wa\u017cenia: 400x315mm Wymiary gabarytowe: patrz rysunek techniczny Waga: oko\u0142o 18kg. Uchwyt u\u0142atwiaj\u0105cy obs\u0142ug\u0119. Wyposa\u017cony w k\u00f3\u0142ka do transportu pad\u00f3w. Solidna konstrukcja, wykonana ze specjalnego aluminium, co gwarantuje lekko\u015b\u0107 i sprawia, \u017ce \u200b\u200bnadaj\u0105 si\u0119 r\u00f3wnie\u017c do trudnych warunk\u00f3w pracy. Kabel PUR o d\u0142ugo\u015bci 10 m, ze z\u0142\u0105czem IP68 po stronie platformy i nowym z\u0142\u0105czem M12 po stronie wska\u017anika masy. Ogniwa obci\u0105\u017cnikowe ze stali nierdzewnej IP68. Puszka przy\u0142\u0105czeniowa hermetyczna IP68. Specjalna wulkanizowana guma antypo\u015blizgowa zastosowana pod podk\u0142adk\u0105 zapewnia dobr\u0105 przyczepno\u015b\u0107 na ka\u017cdym typie nawierzchni. Niezwykle proste i niezawodne po\u0142\u0105czenie wagi z miernikiem masy. Dost\u0119pne w wersji zatwierdzonej do handlu. Dost\u0119pne w wersji o wysokiej rozdzielczo\u015bci. Dost\u0119pne po wycenie w wersji Atex dla stref 1&amp;21 i 2&amp;22.  &nbsp;","og_url":"https:\/\/wwspolska.pl\/index.php\/produkt\/wwsc\/","og_site_name":"WWS POLSKA","article_modified_time":"2026-03-30T18:36:46+00:00","og_image":[{"width":350,"height":350,"url":"https:\/\/wwspolska.pl\/wp-content\/uploads\/2022\/05\/WWSC-2.jpg","type":"image\/jpeg"}],"twitter_card":"summary_large_image","twitter_misc":{"Szacowany czas czytania":"1 minuta"},"schema":{"@context":"https:\/\/schema.org","@graph":[{"@type":"WebPage","@id":"https:\/\/wwspolska.pl\/index.php\/produkt\/wwsc\/","url":"https:\/\/wwspolska.pl\/index.php\/produkt\/wwsc\/","name":"Waga podk\u0142adkowa do wa\u017cenia du\u017cych pojazd\u00f3w WWSC | WWS POLSKA","isPartOf":{"@id":"https:\/\/wwspolska.pl\/#website"},"primaryImageOfPage":{"@id":"https:\/\/wwspolska.pl\/index.php\/produkt\/wwsc\/#primaryimage"},"image":{"@id":"https:\/\/wwspolska.pl\/index.php\/produkt\/wwsc\/#primaryimage"},"thumbnailUrl":"https:\/\/wwspolska.pl\/wp-content\/uploads\/2022\/05\/WWSC-2.jpg","datePublished":"2022-05-12T11:15:05+00:00","dateModified":"2026-03-30T18:36:46+00:00","breadcrumb":{"@id":"https:\/\/wwspolska.pl\/index.php\/produkt\/wwsc\/#breadcrumb"},"inLanguage":"pl-PL","potentialAction":[{"@type":"ReadAction","target":["https:\/\/wwspolska.pl\/index.php\/produkt\/wwsc\/"]}]},{"@type":"ImageObject","inLanguage":"pl-PL","@id":"https:\/\/wwspolska.pl\/index.php\/produkt\/wwsc\/#primaryimage","url":"https:\/\/wwspolska.pl\/wp-content\/uploads\/2022\/05\/WWSC-2.jpg","contentUrl":"https:\/\/wwspolska.pl\/wp-content\/uploads\/2022\/05\/WWSC-2.jpg","width":350,"height":350},{"@type":"BreadcrumbList","@id":"https:\/\/wwspolska.pl\/index.php\/produkt\/wwsc\/#breadcrumb","itemListElement":[{"@type":"ListItem","position":1,"name":"Strona g\u0142\u00f3wna","item":"https:\/\/wwspolska.pl\/"},{"@type":"ListItem","position":2,"name":"Sklep","item":"https:\/\/wwspolska.pl\/index.php\/sklep\/"},{"@type":"ListItem","position":3,"name":"WWSC"}]},{"@type":"WebSite","@id":"https:\/\/wwspolska.pl\/#website","url":"https:\/\/wwspolska.pl\/","name":"WWS POLSKA","description":"Mobilne wagi samochodowe","publisher":{"@id":"https:\/\/wwspolska.pl\/#organization"},"potentialAction":[{"@type":"SearchAction","target":{"@type":"EntryPoint","urlTemplate":"https:\/\/wwspolska.pl\/?s={search_term_string}"},"query-input":{"@type":"PropertyValueSpecification","valueRequired":true,"valueName":"search_term_string"}}],"inLanguage":"pl-PL"},{"@type":"Organization","@id":"https:\/\/wwspolska.pl\/#organization","name":"WWS POLSKA","url":"https:\/\/wwspolska.pl\/","logo":{"@type":"ImageObject","inLanguage":"pl-PL","@id":"https:\/\/wwspolska.pl\/#\/schema\/logo\/image\/","url":"https:\/\/wwspolska.pl\/wp-content\/uploads\/2024\/04\/WWS-Polska-2-e1713207082943.png","contentUrl":"https:\/\/wwspolska.pl\/wp-content\/uploads\/2024\/04\/WWS-Polska-2-e1713207082943.png","width":500,"height":111,"caption":"WWS POLSKA"},"image":{"@id":"https:\/\/wwspolska.pl\/#\/schema\/logo\/image\/"}}]}},"_links":{"self":[{"href":"https:\/\/wwspolska.pl\/index.php\/wp-json\/wp\/v2\/product\/32","targetHints":{"allow":["GET"]}}],"collection":[{"href":"https:\/\/wwspolska.pl\/index.php\/wp-json\/wp\/v2\/product"}],"about":[{"href":"https:\/\/wwspolska.pl\/index.php\/wp-json\/wp\/v2\/types\/product"}],"replies":[{"embeddable":true,"href":"https:\/\/wwspolska.pl\/index.php\/wp-json\/wp\/v2\/comments?post=32"}],"wp:featuredmedia":[{"embeddable":true,"href":"https:\/\/wwspolska.pl\/index.php\/wp-json\/wp\/v2\/media\/38"}],"wp:attachment":[{"href":"https:\/\/wwspolska.pl\/index.php\/wp-json\/wp\/v2\/media?parent=32"}],"wp:term":[{"taxonomy":"product_brand","embeddable":true,"href":"https:\/\/wwspolska.pl\/index.php\/wp-json\/wp\/v2\/product_brand?post=32"},{"taxonomy":"product_cat","embeddable":true,"href":"https:\/\/wwspolska.pl\/index.php\/wp-json\/wp\/v2\/product_cat?post=32"},{"taxonomy":"product_tag","embeddable":true,"href":"https:\/\/wwspolska.pl\/index.php\/wp-json\/wp\/v2\/product_tag?post=32"}],"curies":[{"name":"wp","href":"https:\/\/api.w.org\/{rel}","templated":true}]}}