{"id":39,"date":"2022-05-12T11:20:41","date_gmt":"2022-05-12T11:20:41","guid":{"rendered":"https:\/\/wwspolska.pl\/?post_type=product&#038;p=39"},"modified":"2026-03-30T18:39:36","modified_gmt":"2026-03-30T18:39:36","slug":"wwsd","status":"publish","type":"product","link":"https:\/\/wwspolska.pl\/index.php\/produkt\/wwsd\/","title":{"rendered":"WWSD"},"content":{"rendered":"<p>Podk\u0142adki przeznaczone do tworzenia stanowisk wa\u017cenia pojazd\u00f3w wielkogabarytowych wyposa\u017conych w ko\u0142a bli\u017aniacze lub ogumienie wielkogabarytowe (samochody przegubowe, ci\u0105gniki siod\u0142owe, pojazdy placowe itp.); wyposa\u017cony w zintegrowane k\u00f3\u0142ka u\u0142atwiaj\u0105ce transport i pozycjonowanie. Szczeg\u00f3lnie nadaje si\u0119 do wa\u017cenia dynamicznego.<\/p>\n<p>Karta produktu:<br \/>\n<a href=\"https:\/\/wwspolska.pl\/wp-content\/uploads\/2024\/04\/WWSD.pdf\"><img loading=\"lazy\" decoding=\"async\" class=\"alignnone size-full wp-image-1190\" src=\"https:\/\/wwspolska.pl\/wp-content\/uploads\/2022\/09\/pdf-1.png\" alt=\"\" width=\"64\" height=\"64\" \/><\/a><\/p>\n<p>&nbsp;<\/p>\n","protected":false},"excerpt":{"rendered":"<p>CECHY<\/p>\n<p>Wymiary podk\u0142adki: 900x500mm<br \/>\nObszar wa\u017cenia: 750x415mm<br \/>\nWymiary gabarytowe: patrz rysunek techniczny<br \/>\nWaga: oko\u0142o 41,5kg.<br \/>\nPodw\u00f3jny uchwyt u\u0142atwiaj\u0105cy obs\u0142ug\u0119.<br \/>\nWyposa\u017cone w k\u00f3\u0142ka do transportu podk\u0142adek.<br \/>\nSolidna konstrukcja, wykonana ze specjalnego aluminium, co gwarantuje lekko\u015b\u0107 i sprawia, \u017ce \u200b\u200bnadaj\u0105 si\u0119 r\u00f3wnie\u017c do trudnych warunk\u00f3w pracy.<br \/>\nKabel PUR o d\u0142ugo\u015bci 10 m, ze z\u0142\u0105czem IP68 po stronie platformy i nowym z\u0142\u0105czem M12 po stronie wska\u017anika masy.<br \/>\nOgniwa obci\u0105\u017cnikowe ze stali nierdzewnej IP68.<br \/>\nHermetyczna puszka przy\u0142\u0105czeniowa o stopniu ochrony IP68.<br \/>\nSpecjalna wulkanizowana guma antypo\u015blizgowa zastosowana pod podk\u0142adk\u0105 zapewnia dobr\u0105 przyczepno\u015b\u0107 na ka\u017cdej powierzchni.<br \/>\nNiezwykle proste i niezawodne po\u0142\u0105czenie wagi z miernikiem masy.<br \/>\nDost\u0119pne w wersji zatwierdzonej do handlu.<br \/>\nDost\u0119pne w wersji o wysokiej rozdzielczo\u015bci.<br \/>\nDost\u0119pne po wycenie w wersji Atex dla stref 1&amp;21 i 2&amp;22.<\/p>\n","protected":false},"featured_media":31,"comment_status":"open","ping_status":"closed","template":"","meta":{"_et_pb_use_builder":"off","_et_pb_old_content":"Podk\u0142adki przeznaczone do tworzenia stanowisk wa\u017cenia dla pojazd\u00f3w wielkogabarytowych wyposa\u017conych w ko\u0142a bli\u017aniacze lub opony wielkogabarytowe (samochody ci\u0119\u017carowe przegubowe, ci\u0105gniki siod\u0142owe, pojazdy budowlane itp.)\r\nWyposa\u017cone w zintegrowane k\u00f3\u0142ka u\u0142atwiaj\u0105ce transport i pozycjonowanie.\r\nSzczeg\u00f3lnie nadaje si\u0119 do wa\u017cenia dynamicznego.","_et_gb_content_width":""},"product_brand":[],"product_cat":[17,35],"product_tag":[],"class_list":{"0":"post-39","1":"product","2":"type-product","3":"status-publish","4":"has-post-thumbnail","6":"product_cat-waga-podkladkowa-przewodowa","7":"product_cat-zestawy","9":"first","10":"instock","11":"taxable","12":"shipping-taxable","13":"purchasable","14":"product-type-variable"},"yoast_head":"<!-- This site is optimized with the Yoast SEO plugin v27.4 - https:\/\/yoast.com\/product\/yoast-seo-wordpress\/ -->\n<title>Waga podk\u0142adkowa przewodowa WWSD do wa\u017cenia pojazd\u00f3w | WWS POLSKA<\/title>\n<meta name=\"robots\" content=\"index, follow, max-snippet:-1, max-image-preview:large, max-video-preview:-1\" \/>\n<link rel=\"canonical\" href=\"https:\/\/wwspolska.pl\/index.php\/produkt\/wwsd\/\" \/>\n<meta property=\"og:locale\" content=\"pl_PL\" \/>\n<meta property=\"og:type\" content=\"article\" \/>\n<meta property=\"og:title\" content=\"Waga podk\u0142adkowa przewodowa WWSD do wa\u017cenia pojazd\u00f3w | WWS POLSKA\" \/>\n<meta property=\"og:description\" content=\"CECHY  Wymiary podk\u0142adki: 900x500mm Obszar wa\u017cenia: 750x415mm Wymiary gabarytowe: patrz rysunek techniczny Waga: oko\u0142o 41,5kg. Podw\u00f3jny uchwyt u\u0142atwiaj\u0105cy obs\u0142ug\u0119. Wyposa\u017cone w k\u00f3\u0142ka do transportu podk\u0142adek. Solidna konstrukcja, wykonana ze specjalnego aluminium, co gwarantuje lekko\u015b\u0107 i sprawia, \u017ce \u200b\u200bnadaj\u0105 si\u0119 r\u00f3wnie\u017c do trudnych warunk\u00f3w pracy. Kabel PUR o d\u0142ugo\u015bci 10 m, ze z\u0142\u0105czem IP68 po stronie platformy i nowym z\u0142\u0105czem M12 po stronie wska\u017anika masy. Ogniwa obci\u0105\u017cnikowe ze stali nierdzewnej IP68. Hermetyczna puszka przy\u0142\u0105czeniowa o stopniu ochrony IP68. Specjalna wulkanizowana guma antypo\u015blizgowa zastosowana pod podk\u0142adk\u0105 zapewnia dobr\u0105 przyczepno\u015b\u0107 na ka\u017cdej powierzchni. Niezwykle proste i niezawodne po\u0142\u0105czenie wagi z miernikiem masy. Dost\u0119pne w wersji zatwierdzonej do handlu. Dost\u0119pne w wersji o wysokiej rozdzielczo\u015bci. Dost\u0119pne po wycenie w wersji Atex dla stref 1&amp;21 i 2&amp;22.\" \/>\n<meta property=\"og:url\" content=\"https:\/\/wwspolska.pl\/index.php\/produkt\/wwsd\/\" \/>\n<meta property=\"og:site_name\" content=\"WWS POLSKA\" \/>\n<meta property=\"article:modified_time\" content=\"2026-03-30T18:39:36+00:00\" \/>\n<meta property=\"og:image\" content=\"https:\/\/wwspolska.pl\/wp-content\/uploads\/2022\/05\/WWSE-2.jpg\" \/>\n\t<meta property=\"og:image:width\" content=\"350\" \/>\n\t<meta property=\"og:image:height\" content=\"350\" \/>\n\t<meta property=\"og:image:type\" content=\"image\/jpeg\" \/>\n<meta name=\"twitter:card\" content=\"summary_large_image\" \/>\n<meta name=\"twitter:label1\" content=\"Szacowany czas czytania\" \/>\n\t<meta name=\"twitter:data1\" content=\"1 minuta\" \/>\n<script type=\"application\/ld+json\" class=\"yoast-schema-graph\">{\"@context\":\"https:\\\/\\\/schema.org\",\"@graph\":[{\"@type\":\"WebPage\",\"@id\":\"https:\\\/\\\/wwspolska.pl\\\/index.php\\\/produkt\\\/wwsd\\\/\",\"url\":\"https:\\\/\\\/wwspolska.pl\\\/index.php\\\/produkt\\\/wwsd\\\/\",\"name\":\"Waga podk\u0142adkowa przewodowa WWSD do wa\u017cenia pojazd\u00f3w | WWS POLSKA\",\"isPartOf\":{\"@id\":\"https:\\\/\\\/wwspolska.pl\\\/#website\"},\"primaryImageOfPage\":{\"@id\":\"https:\\\/\\\/wwspolska.pl\\\/index.php\\\/produkt\\\/wwsd\\\/#primaryimage\"},\"image\":{\"@id\":\"https:\\\/\\\/wwspolska.pl\\\/index.php\\\/produkt\\\/wwsd\\\/#primaryimage\"},\"thumbnailUrl\":\"https:\\\/\\\/wwspolska.pl\\\/wp-content\\\/uploads\\\/2022\\\/05\\\/WWSE-2.jpg\",\"datePublished\":\"2022-05-12T11:20:41+00:00\",\"dateModified\":\"2026-03-30T18:39:36+00:00\",\"breadcrumb\":{\"@id\":\"https:\\\/\\\/wwspolska.pl\\\/index.php\\\/produkt\\\/wwsd\\\/#breadcrumb\"},\"inLanguage\":\"pl-PL\",\"potentialAction\":[{\"@type\":\"ReadAction\",\"target\":[\"https:\\\/\\\/wwspolska.pl\\\/index.php\\\/produkt\\\/wwsd\\\/\"]}]},{\"@type\":\"ImageObject\",\"inLanguage\":\"pl-PL\",\"@id\":\"https:\\\/\\\/wwspolska.pl\\\/index.php\\\/produkt\\\/wwsd\\\/#primaryimage\",\"url\":\"https:\\\/\\\/wwspolska.pl\\\/wp-content\\\/uploads\\\/2022\\\/05\\\/WWSE-2.jpg\",\"contentUrl\":\"https:\\\/\\\/wwspolska.pl\\\/wp-content\\\/uploads\\\/2022\\\/05\\\/WWSE-2.jpg\",\"width\":350,\"height\":350},{\"@type\":\"BreadcrumbList\",\"@id\":\"https:\\\/\\\/wwspolska.pl\\\/index.php\\\/produkt\\\/wwsd\\\/#breadcrumb\",\"itemListElement\":[{\"@type\":\"ListItem\",\"position\":1,\"name\":\"Strona g\u0142\u00f3wna\",\"item\":\"https:\\\/\\\/wwspolska.pl\\\/\"},{\"@type\":\"ListItem\",\"position\":2,\"name\":\"Sklep\",\"item\":\"https:\\\/\\\/wwspolska.pl\\\/index.php\\\/sklep\\\/\"},{\"@type\":\"ListItem\",\"position\":3,\"name\":\"WWSD\"}]},{\"@type\":\"WebSite\",\"@id\":\"https:\\\/\\\/wwspolska.pl\\\/#website\",\"url\":\"https:\\\/\\\/wwspolska.pl\\\/\",\"name\":\"WWS POLSKA\",\"description\":\"Mobilne wagi samochodowe\",\"publisher\":{\"@id\":\"https:\\\/\\\/wwspolska.pl\\\/#organization\"},\"potentialAction\":[{\"@type\":\"SearchAction\",\"target\":{\"@type\":\"EntryPoint\",\"urlTemplate\":\"https:\\\/\\\/wwspolska.pl\\\/?s={search_term_string}\"},\"query-input\":{\"@type\":\"PropertyValueSpecification\",\"valueRequired\":true,\"valueName\":\"search_term_string\"}}],\"inLanguage\":\"pl-PL\"},{\"@type\":\"Organization\",\"@id\":\"https:\\\/\\\/wwspolska.pl\\\/#organization\",\"name\":\"WWS POLSKA\",\"url\":\"https:\\\/\\\/wwspolska.pl\\\/\",\"logo\":{\"@type\":\"ImageObject\",\"inLanguage\":\"pl-PL\",\"@id\":\"https:\\\/\\\/wwspolska.pl\\\/#\\\/schema\\\/logo\\\/image\\\/\",\"url\":\"https:\\\/\\\/wwspolska.pl\\\/wp-content\\\/uploads\\\/2024\\\/04\\\/WWS-Polska-2-e1713207082943.png\",\"contentUrl\":\"https:\\\/\\\/wwspolska.pl\\\/wp-content\\\/uploads\\\/2024\\\/04\\\/WWS-Polska-2-e1713207082943.png\",\"width\":500,\"height\":111,\"caption\":\"WWS POLSKA\"},\"image\":{\"@id\":\"https:\\\/\\\/wwspolska.pl\\\/#\\\/schema\\\/logo\\\/image\\\/\"}}]}<\/script>\n<!-- \/ Yoast SEO plugin. -->","yoast_head_json":{"title":"Waga podk\u0142adkowa przewodowa WWSD do wa\u017cenia pojazd\u00f3w | WWS POLSKA","robots":{"index":"index","follow":"follow","max-snippet":"max-snippet:-1","max-image-preview":"max-image-preview:large","max-video-preview":"max-video-preview:-1"},"canonical":"https:\/\/wwspolska.pl\/index.php\/produkt\/wwsd\/","og_locale":"pl_PL","og_type":"article","og_title":"Waga podk\u0142adkowa przewodowa WWSD do wa\u017cenia pojazd\u00f3w | WWS POLSKA","og_description":"CECHY  Wymiary podk\u0142adki: 900x500mm Obszar wa\u017cenia: 750x415mm Wymiary gabarytowe: patrz rysunek techniczny Waga: oko\u0142o 41,5kg. Podw\u00f3jny uchwyt u\u0142atwiaj\u0105cy obs\u0142ug\u0119. Wyposa\u017cone w k\u00f3\u0142ka do transportu podk\u0142adek. Solidna konstrukcja, wykonana ze specjalnego aluminium, co gwarantuje lekko\u015b\u0107 i sprawia, \u017ce \u200b\u200bnadaj\u0105 si\u0119 r\u00f3wnie\u017c do trudnych warunk\u00f3w pracy. Kabel PUR o d\u0142ugo\u015bci 10 m, ze z\u0142\u0105czem IP68 po stronie platformy i nowym z\u0142\u0105czem M12 po stronie wska\u017anika masy. Ogniwa obci\u0105\u017cnikowe ze stali nierdzewnej IP68. Hermetyczna puszka przy\u0142\u0105czeniowa o stopniu ochrony IP68. Specjalna wulkanizowana guma antypo\u015blizgowa zastosowana pod podk\u0142adk\u0105 zapewnia dobr\u0105 przyczepno\u015b\u0107 na ka\u017cdej powierzchni. Niezwykle proste i niezawodne po\u0142\u0105czenie wagi z miernikiem masy. Dost\u0119pne w wersji zatwierdzonej do handlu. Dost\u0119pne w wersji o wysokiej rozdzielczo\u015bci. Dost\u0119pne po wycenie w wersji Atex dla stref 1&amp;21 i 2&amp;22.","og_url":"https:\/\/wwspolska.pl\/index.php\/produkt\/wwsd\/","og_site_name":"WWS POLSKA","article_modified_time":"2026-03-30T18:39:36+00:00","og_image":[{"width":350,"height":350,"url":"https:\/\/wwspolska.pl\/wp-content\/uploads\/2022\/05\/WWSE-2.jpg","type":"image\/jpeg"}],"twitter_card":"summary_large_image","twitter_misc":{"Szacowany czas czytania":"1 minuta"},"schema":{"@context":"https:\/\/schema.org","@graph":[{"@type":"WebPage","@id":"https:\/\/wwspolska.pl\/index.php\/produkt\/wwsd\/","url":"https:\/\/wwspolska.pl\/index.php\/produkt\/wwsd\/","name":"Waga podk\u0142adkowa przewodowa WWSD do wa\u017cenia pojazd\u00f3w | WWS POLSKA","isPartOf":{"@id":"https:\/\/wwspolska.pl\/#website"},"primaryImageOfPage":{"@id":"https:\/\/wwspolska.pl\/index.php\/produkt\/wwsd\/#primaryimage"},"image":{"@id":"https:\/\/wwspolska.pl\/index.php\/produkt\/wwsd\/#primaryimage"},"thumbnailUrl":"https:\/\/wwspolska.pl\/wp-content\/uploads\/2022\/05\/WWSE-2.jpg","datePublished":"2022-05-12T11:20:41+00:00","dateModified":"2026-03-30T18:39:36+00:00","breadcrumb":{"@id":"https:\/\/wwspolska.pl\/index.php\/produkt\/wwsd\/#breadcrumb"},"inLanguage":"pl-PL","potentialAction":[{"@type":"ReadAction","target":["https:\/\/wwspolska.pl\/index.php\/produkt\/wwsd\/"]}]},{"@type":"ImageObject","inLanguage":"pl-PL","@id":"https:\/\/wwspolska.pl\/index.php\/produkt\/wwsd\/#primaryimage","url":"https:\/\/wwspolska.pl\/wp-content\/uploads\/2022\/05\/WWSE-2.jpg","contentUrl":"https:\/\/wwspolska.pl\/wp-content\/uploads\/2022\/05\/WWSE-2.jpg","width":350,"height":350},{"@type":"BreadcrumbList","@id":"https:\/\/wwspolska.pl\/index.php\/produkt\/wwsd\/#breadcrumb","itemListElement":[{"@type":"ListItem","position":1,"name":"Strona g\u0142\u00f3wna","item":"https:\/\/wwspolska.pl\/"},{"@type":"ListItem","position":2,"name":"Sklep","item":"https:\/\/wwspolska.pl\/index.php\/sklep\/"},{"@type":"ListItem","position":3,"name":"WWSD"}]},{"@type":"WebSite","@id":"https:\/\/wwspolska.pl\/#website","url":"https:\/\/wwspolska.pl\/","name":"WWS POLSKA","description":"Mobilne wagi samochodowe","publisher":{"@id":"https:\/\/wwspolska.pl\/#organization"},"potentialAction":[{"@type":"SearchAction","target":{"@type":"EntryPoint","urlTemplate":"https:\/\/wwspolska.pl\/?s={search_term_string}"},"query-input":{"@type":"PropertyValueSpecification","valueRequired":true,"valueName":"search_term_string"}}],"inLanguage":"pl-PL"},{"@type":"Organization","@id":"https:\/\/wwspolska.pl\/#organization","name":"WWS POLSKA","url":"https:\/\/wwspolska.pl\/","logo":{"@type":"ImageObject","inLanguage":"pl-PL","@id":"https:\/\/wwspolska.pl\/#\/schema\/logo\/image\/","url":"https:\/\/wwspolska.pl\/wp-content\/uploads\/2024\/04\/WWS-Polska-2-e1713207082943.png","contentUrl":"https:\/\/wwspolska.pl\/wp-content\/uploads\/2024\/04\/WWS-Polska-2-e1713207082943.png","width":500,"height":111,"caption":"WWS POLSKA"},"image":{"@id":"https:\/\/wwspolska.pl\/#\/schema\/logo\/image\/"}}]}},"_links":{"self":[{"href":"https:\/\/wwspolska.pl\/index.php\/wp-json\/wp\/v2\/product\/39","targetHints":{"allow":["GET"]}}],"collection":[{"href":"https:\/\/wwspolska.pl\/index.php\/wp-json\/wp\/v2\/product"}],"about":[{"href":"https:\/\/wwspolska.pl\/index.php\/wp-json\/wp\/v2\/types\/product"}],"replies":[{"embeddable":true,"href":"https:\/\/wwspolska.pl\/index.php\/wp-json\/wp\/v2\/comments?post=39"}],"wp:featuredmedia":[{"embeddable":true,"href":"https:\/\/wwspolska.pl\/index.php\/wp-json\/wp\/v2\/media\/31"}],"wp:attachment":[{"href":"https:\/\/wwspolska.pl\/index.php\/wp-json\/wp\/v2\/media?parent=39"}],"wp:term":[{"taxonomy":"product_brand","embeddable":true,"href":"https:\/\/wwspolska.pl\/index.php\/wp-json\/wp\/v2\/product_brand?post=39"},{"taxonomy":"product_cat","embeddable":true,"href":"https:\/\/wwspolska.pl\/index.php\/wp-json\/wp\/v2\/product_cat?post=39"},{"taxonomy":"product_tag","embeddable":true,"href":"https:\/\/wwspolska.pl\/index.php\/wp-json\/wp\/v2\/product_tag?post=39"}],"curies":[{"name":"wp","href":"https:\/\/api.w.org\/{rel}","templated":true}]}}