{"id":507,"date":"2022-05-24T08:13:46","date_gmt":"2022-05-24T08:13:46","guid":{"rendered":"https:\/\/wwspolska.pl\/?post_type=product&#038;p=507"},"modified":"2025-08-30T15:28:06","modified_gmt":"2025-08-30T15:28:06","slug":"pilot-i-odbiornik-radiowy","status":"publish","type":"product","link":"https:\/\/wwspolska.pl\/index.php\/produkt\/pilot-i-odbiornik-radiowy\/","title":{"rendered":"Pilot i odbiornik radiowy"},"content":{"rendered":"<p>433MHz, z 6 klawiszami, do u\u017cytku na odleg\u0142o\u015b\u0107 do 50m, w odpowiednich warunkach \u015brodowiskowych.<\/p>\n","protected":false},"excerpt":{"rendered":"<p>433MHz, z 6 klawiszami, do u\u017cytku na odleg\u0142o\u015b\u0107 do 50m, w odpowiednich warunkach \u015brodowiskowych.<\/p>\n","protected":false},"featured_media":508,"comment_status":"open","ping_status":"closed","template":"","meta":{"_et_pb_use_builder":"","_et_pb_old_content":"","_et_gb_content_width":""},"product_brand":[],"product_cat":[16],"product_tag":[],"class_list":{"0":"post-507","1":"product","2":"type-product","3":"status-publish","4":"has-post-thumbnail","6":"product_cat-bez-kategorii","8":"first","9":"instock","10":"taxable","11":"shipping-taxable","12":"purchasable","13":"product-type-simple"},"yoast_head":"<!-- This site is optimized with the Yoast SEO plugin v27.5 - https:\/\/yoast.com\/product\/yoast-seo-wordpress\/ -->\n<title>Pilot i odbiornik radiowy do wagi mobilnej przeno\u015bnej podk\u0142adkowej | WWS POLSKA<\/title>\n<meta name=\"description\" content=\"Pilot i odbiornik radiowy do przeno\u015bnej wagi podk\u0142adkowej - zdalne sterowanie i wygodna obs\u0142uga. Sprawd\u017a dost\u0119pno\u015b\u0107 lub zam\u00f3w online!\" \/>\n<meta name=\"robots\" content=\"index, follow, max-snippet:-1, max-image-preview:large, max-video-preview:-1\" \/>\n<link rel=\"canonical\" href=\"https:\/\/wwspolska.pl\/index.php\/produkt\/pilot-i-odbiornik-radiowy\/\" \/>\n<meta property=\"og:locale\" content=\"pl_PL\" \/>\n<meta property=\"og:type\" content=\"article\" \/>\n<meta property=\"og:title\" content=\"Pilot i odbiornik radiowy do wagi mobilnej przeno\u015bnej podk\u0142adkowej | WWS POLSKA\" \/>\n<meta property=\"og:description\" content=\"Pilot i odbiornik radiowy do przeno\u015bnej wagi podk\u0142adkowej - zdalne sterowanie i wygodna obs\u0142uga. Sprawd\u017a dost\u0119pno\u015b\u0107 lub zam\u00f3w online!\" \/>\n<meta property=\"og:url\" content=\"https:\/\/wwspolska.pl\/index.php\/produkt\/pilot-i-odbiornik-radiowy\/\" \/>\n<meta property=\"og:site_name\" content=\"WWS POLSKA\" \/>\n<meta property=\"article:modified_time\" content=\"2025-08-30T15:28:06+00:00\" \/>\n<meta property=\"og:image\" content=\"https:\/\/wwspolska.pl\/wp-content\/uploads\/2022\/05\/TLR_ico.png\" \/>\n\t<meta property=\"og:image:width\" content=\"80\" \/>\n\t<meta property=\"og:image:height\" content=\"80\" \/>\n\t<meta property=\"og:image:type\" content=\"image\/png\" \/>\n<meta name=\"twitter:card\" content=\"summary_large_image\" \/>\n<meta name=\"twitter:label1\" content=\"Szacowany czas czytania\" \/>\n\t<meta name=\"twitter:data1\" content=\"1 minuta\" \/>\n<script type=\"application\/ld+json\" class=\"yoast-schema-graph\">{\"@context\":\"https:\\\/\\\/schema.org\",\"@graph\":[{\"@type\":\"WebPage\",\"@id\":\"https:\\\/\\\/wwspolska.pl\\\/index.php\\\/produkt\\\/pilot-i-odbiornik-radiowy\\\/\",\"url\":\"https:\\\/\\\/wwspolska.pl\\\/index.php\\\/produkt\\\/pilot-i-odbiornik-radiowy\\\/\",\"name\":\"Pilot i odbiornik radiowy do wagi mobilnej przeno\u015bnej podk\u0142adkowej | WWS POLSKA\",\"isPartOf\":{\"@id\":\"https:\\\/\\\/wwspolska.pl\\\/#website\"},\"primaryImageOfPage\":{\"@id\":\"https:\\\/\\\/wwspolska.pl\\\/index.php\\\/produkt\\\/pilot-i-odbiornik-radiowy\\\/#primaryimage\"},\"image\":{\"@id\":\"https:\\\/\\\/wwspolska.pl\\\/index.php\\\/produkt\\\/pilot-i-odbiornik-radiowy\\\/#primaryimage\"},\"thumbnailUrl\":\"https:\\\/\\\/wwspolska.pl\\\/wp-content\\\/uploads\\\/2022\\\/05\\\/TLR_ico.png\",\"datePublished\":\"2022-05-24T08:13:46+00:00\",\"dateModified\":\"2025-08-30T15:28:06+00:00\",\"description\":\"Pilot i odbiornik radiowy do przeno\u015bnej wagi podk\u0142adkowej - zdalne sterowanie i wygodna obs\u0142uga. Sprawd\u017a dost\u0119pno\u015b\u0107 lub zam\u00f3w online!\",\"breadcrumb\":{\"@id\":\"https:\\\/\\\/wwspolska.pl\\\/index.php\\\/produkt\\\/pilot-i-odbiornik-radiowy\\\/#breadcrumb\"},\"inLanguage\":\"pl-PL\",\"potentialAction\":[{\"@type\":\"ReadAction\",\"target\":[\"https:\\\/\\\/wwspolska.pl\\\/index.php\\\/produkt\\\/pilot-i-odbiornik-radiowy\\\/\"]}]},{\"@type\":\"ImageObject\",\"inLanguage\":\"pl-PL\",\"@id\":\"https:\\\/\\\/wwspolska.pl\\\/index.php\\\/produkt\\\/pilot-i-odbiornik-radiowy\\\/#primaryimage\",\"url\":\"https:\\\/\\\/wwspolska.pl\\\/wp-content\\\/uploads\\\/2022\\\/05\\\/TLR_ico.png\",\"contentUrl\":\"https:\\\/\\\/wwspolska.pl\\\/wp-content\\\/uploads\\\/2022\\\/05\\\/TLR_ico.png\",\"width\":80,\"height\":80},{\"@type\":\"BreadcrumbList\",\"@id\":\"https:\\\/\\\/wwspolska.pl\\\/index.php\\\/produkt\\\/pilot-i-odbiornik-radiowy\\\/#breadcrumb\",\"itemListElement\":[{\"@type\":\"ListItem\",\"position\":1,\"name\":\"Strona g\u0142\u00f3wna\",\"item\":\"https:\\\/\\\/wwspolska.pl\\\/\"},{\"@type\":\"ListItem\",\"position\":2,\"name\":\"Sklep\",\"item\":\"https:\\\/\\\/wwspolska.pl\\\/index.php\\\/sklep\\\/\"},{\"@type\":\"ListItem\",\"position\":3,\"name\":\"Pilot i odbiornik radiowy\"}]},{\"@type\":\"WebSite\",\"@id\":\"https:\\\/\\\/wwspolska.pl\\\/#website\",\"url\":\"https:\\\/\\\/wwspolska.pl\\\/\",\"name\":\"WWS POLSKA\",\"description\":\"Mobilne wagi samochodowe\",\"publisher\":{\"@id\":\"https:\\\/\\\/wwspolska.pl\\\/#organization\"},\"potentialAction\":[{\"@type\":\"SearchAction\",\"target\":{\"@type\":\"EntryPoint\",\"urlTemplate\":\"https:\\\/\\\/wwspolska.pl\\\/?s={search_term_string}\"},\"query-input\":{\"@type\":\"PropertyValueSpecification\",\"valueRequired\":true,\"valueName\":\"search_term_string\"}}],\"inLanguage\":\"pl-PL\"},{\"@type\":\"Organization\",\"@id\":\"https:\\\/\\\/wwspolska.pl\\\/#organization\",\"name\":\"WWS POLSKA\",\"url\":\"https:\\\/\\\/wwspolska.pl\\\/\",\"logo\":{\"@type\":\"ImageObject\",\"inLanguage\":\"pl-PL\",\"@id\":\"https:\\\/\\\/wwspolska.pl\\\/#\\\/schema\\\/logo\\\/image\\\/\",\"url\":\"https:\\\/\\\/wwspolska.pl\\\/wp-content\\\/uploads\\\/2024\\\/04\\\/WWS-Polska-2-e1713207082943.png\",\"contentUrl\":\"https:\\\/\\\/wwspolska.pl\\\/wp-content\\\/uploads\\\/2024\\\/04\\\/WWS-Polska-2-e1713207082943.png\",\"width\":500,\"height\":111,\"caption\":\"WWS POLSKA\"},\"image\":{\"@id\":\"https:\\\/\\\/wwspolska.pl\\\/#\\\/schema\\\/logo\\\/image\\\/\"}}]}<\/script>\n<!-- \/ Yoast SEO plugin. -->","yoast_head_json":{"title":"Pilot i odbiornik radiowy do wagi mobilnej przeno\u015bnej podk\u0142adkowej | WWS POLSKA","description":"Pilot i odbiornik radiowy do przeno\u015bnej wagi podk\u0142adkowej - zdalne sterowanie i wygodna obs\u0142uga. Sprawd\u017a dost\u0119pno\u015b\u0107 lub zam\u00f3w online!","robots":{"index":"index","follow":"follow","max-snippet":"max-snippet:-1","max-image-preview":"max-image-preview:large","max-video-preview":"max-video-preview:-1"},"canonical":"https:\/\/wwspolska.pl\/index.php\/produkt\/pilot-i-odbiornik-radiowy\/","og_locale":"pl_PL","og_type":"article","og_title":"Pilot i odbiornik radiowy do wagi mobilnej przeno\u015bnej podk\u0142adkowej | WWS POLSKA","og_description":"Pilot i odbiornik radiowy do przeno\u015bnej wagi podk\u0142adkowej - zdalne sterowanie i wygodna obs\u0142uga. Sprawd\u017a dost\u0119pno\u015b\u0107 lub zam\u00f3w online!","og_url":"https:\/\/wwspolska.pl\/index.php\/produkt\/pilot-i-odbiornik-radiowy\/","og_site_name":"WWS POLSKA","article_modified_time":"2025-08-30T15:28:06+00:00","og_image":[{"width":80,"height":80,"url":"https:\/\/wwspolska.pl\/wp-content\/uploads\/2022\/05\/TLR_ico.png","type":"image\/png"}],"twitter_card":"summary_large_image","twitter_misc":{"Szacowany czas czytania":"1 minuta"},"schema":{"@context":"https:\/\/schema.org","@graph":[{"@type":"WebPage","@id":"https:\/\/wwspolska.pl\/index.php\/produkt\/pilot-i-odbiornik-radiowy\/","url":"https:\/\/wwspolska.pl\/index.php\/produkt\/pilot-i-odbiornik-radiowy\/","name":"Pilot i odbiornik radiowy do wagi mobilnej przeno\u015bnej podk\u0142adkowej | WWS POLSKA","isPartOf":{"@id":"https:\/\/wwspolska.pl\/#website"},"primaryImageOfPage":{"@id":"https:\/\/wwspolska.pl\/index.php\/produkt\/pilot-i-odbiornik-radiowy\/#primaryimage"},"image":{"@id":"https:\/\/wwspolska.pl\/index.php\/produkt\/pilot-i-odbiornik-radiowy\/#primaryimage"},"thumbnailUrl":"https:\/\/wwspolska.pl\/wp-content\/uploads\/2022\/05\/TLR_ico.png","datePublished":"2022-05-24T08:13:46+00:00","dateModified":"2025-08-30T15:28:06+00:00","description":"Pilot i odbiornik radiowy do przeno\u015bnej wagi podk\u0142adkowej - zdalne sterowanie i wygodna obs\u0142uga. Sprawd\u017a dost\u0119pno\u015b\u0107 lub zam\u00f3w online!","breadcrumb":{"@id":"https:\/\/wwspolska.pl\/index.php\/produkt\/pilot-i-odbiornik-radiowy\/#breadcrumb"},"inLanguage":"pl-PL","potentialAction":[{"@type":"ReadAction","target":["https:\/\/wwspolska.pl\/index.php\/produkt\/pilot-i-odbiornik-radiowy\/"]}]},{"@type":"ImageObject","inLanguage":"pl-PL","@id":"https:\/\/wwspolska.pl\/index.php\/produkt\/pilot-i-odbiornik-radiowy\/#primaryimage","url":"https:\/\/wwspolska.pl\/wp-content\/uploads\/2022\/05\/TLR_ico.png","contentUrl":"https:\/\/wwspolska.pl\/wp-content\/uploads\/2022\/05\/TLR_ico.png","width":80,"height":80},{"@type":"BreadcrumbList","@id":"https:\/\/wwspolska.pl\/index.php\/produkt\/pilot-i-odbiornik-radiowy\/#breadcrumb","itemListElement":[{"@type":"ListItem","position":1,"name":"Strona g\u0142\u00f3wna","item":"https:\/\/wwspolska.pl\/"},{"@type":"ListItem","position":2,"name":"Sklep","item":"https:\/\/wwspolska.pl\/index.php\/sklep\/"},{"@type":"ListItem","position":3,"name":"Pilot i odbiornik radiowy"}]},{"@type":"WebSite","@id":"https:\/\/wwspolska.pl\/#website","url":"https:\/\/wwspolska.pl\/","name":"WWS POLSKA","description":"Mobilne wagi samochodowe","publisher":{"@id":"https:\/\/wwspolska.pl\/#organization"},"potentialAction":[{"@type":"SearchAction","target":{"@type":"EntryPoint","urlTemplate":"https:\/\/wwspolska.pl\/?s={search_term_string}"},"query-input":{"@type":"PropertyValueSpecification","valueRequired":true,"valueName":"search_term_string"}}],"inLanguage":"pl-PL"},{"@type":"Organization","@id":"https:\/\/wwspolska.pl\/#organization","name":"WWS POLSKA","url":"https:\/\/wwspolska.pl\/","logo":{"@type":"ImageObject","inLanguage":"pl-PL","@id":"https:\/\/wwspolska.pl\/#\/schema\/logo\/image\/","url":"https:\/\/wwspolska.pl\/wp-content\/uploads\/2024\/04\/WWS-Polska-2-e1713207082943.png","contentUrl":"https:\/\/wwspolska.pl\/wp-content\/uploads\/2024\/04\/WWS-Polska-2-e1713207082943.png","width":500,"height":111,"caption":"WWS POLSKA"},"image":{"@id":"https:\/\/wwspolska.pl\/#\/schema\/logo\/image\/"}}]}},"_links":{"self":[{"href":"https:\/\/wwspolska.pl\/index.php\/wp-json\/wp\/v2\/product\/507","targetHints":{"allow":["GET"]}}],"collection":[{"href":"https:\/\/wwspolska.pl\/index.php\/wp-json\/wp\/v2\/product"}],"about":[{"href":"https:\/\/wwspolska.pl\/index.php\/wp-json\/wp\/v2\/types\/product"}],"replies":[{"embeddable":true,"href":"https:\/\/wwspolska.pl\/index.php\/wp-json\/wp\/v2\/comments?post=507"}],"wp:featuredmedia":[{"embeddable":true,"href":"https:\/\/wwspolska.pl\/index.php\/wp-json\/wp\/v2\/media\/508"}],"wp:attachment":[{"href":"https:\/\/wwspolska.pl\/index.php\/wp-json\/wp\/v2\/media?parent=507"}],"wp:term":[{"taxonomy":"product_brand","embeddable":true,"href":"https:\/\/wwspolska.pl\/index.php\/wp-json\/wp\/v2\/product_brand?post=507"},{"taxonomy":"product_cat","embeddable":true,"href":"https:\/\/wwspolska.pl\/index.php\/wp-json\/wp\/v2\/product_cat?post=507"},{"taxonomy":"product_tag","embeddable":true,"href":"https:\/\/wwspolska.pl\/index.php\/wp-json\/wp\/v2\/product_tag?post=507"}],"curies":[{"name":"wp","href":"https:\/\/api.w.org\/{rel}","templated":true}]}}