{"id":60,"date":"2022-05-13T10:02:48","date_gmt":"2022-05-13T10:02:48","guid":{"rendered":"https:\/\/wwspolska.pl\/?post_type=product&#038;p=60"},"modified":"2026-03-30T18:38:27","modified_gmt":"2026-03-30T18:38:27","slug":"wwserf","status":"publish","type":"product","link":"https:\/\/wwspolska.pl\/index.php\/produkt\/wwserf\/","title":{"rendered":"WWSERF"},"content":{"rendered":"<p>Bezprzewodowe podk\u0142adki przeznaczone do tworzenia stacji wa\u017cenia k\u00f3\u0142 i osi pojazd\u00f3w, bez konieczno\u015bci \u0142\u0105czenia przewod\u00f3w pomi\u0119dzy podk\u0142adkami a wska\u017anikiem. Idealny do wa\u017cenia wi\u0119kszych pojazd\u00f3w (samochody dostawcze, ci\u0119\u017car\u00f3wki, cysterny, ci\u0119\u017car\u00f3wki itp.)<br \/>\nSzczeg\u00f3lnie dok\u0142adne i wytrzyma\u0142e, z dba\u0142o\u015bci\u0105 o szczeg\u00f3\u0142y.<\/p>\n<p>Karta Produktu :<br \/>\n<a href=\"https:\/\/wwspolska.pl\/wp-content\/uploads\/2024\/04\/wwserf.pdf\"><img loading=\"lazy\" decoding=\"async\" class=\"alignnone size-full wp-image-1190\" src=\"https:\/\/wwspolska.pl\/wp-content\/uploads\/2022\/09\/pdf-1.png\" alt=\"\" width=\"64\" height=\"64\" \/><\/a><\/p>\n","protected":false},"excerpt":{"rendered":"<p>CECHY<\/p>\n<p>Wymiary podk\u0142adki: 750x450mm<br \/>\nObszar wa\u017cenia: 600x365mm<br \/>\nWymiary gabarytowe: patrz rysunek techniczny<br \/>\nWaga: oko\u0142o 28kg.<br \/>\nBardzo przydatny.<br \/>\nSolidna konstrukcja, wykonana ze specjalnego aluminium, gwarantuje lekko\u015b\u0107 i sprawia, \u017ce \u200b\u200bpodk\u0142adki te sprawdzaj\u0105 si\u0119 tak\u017ce w trudnych warunkach pracy.<br \/>\nOgniwa obci\u0105\u017cnikowe ze stali nierdzewnej.<br \/>\nOg\u00f3lny stopie\u0144 ochrony IP68.<br \/>\nSolidny wbudowany wska\u017anik masy, chroniony hermetyczn\u0105 obudow\u0105 IP68.<br \/>\nWbudowany modu\u0142 radiowy umo\u017cliwiaj\u0105cy transmisj\u0119 masy do zdalnego wska\u017anika lub urz\u0105dzenia zewn\u0119trznego. Maks. odleg\u0142o\u015b\u0107 dzia\u0142ania: 50m.<br \/>\nZintegrowane k\u00f3\u0142ka u\u0142atwiaj\u0105ce transport i pozycjonowanie.<br \/>\nZasilanie: wewn\u0119trzny akumulator (oko\u0142o 40 godzin pracy), przechowywany w hermetycznym pude\u0142ku, w zestawie \u0142adowarka (nie u\u017cywana jako zasilacz).<br \/>\nSpecjalna wulkanizowana guma antypo\u015blizgowa zastosowana pod podk\u0142adk\u0105 zapewnia dobr\u0105 przyczepno\u015b\u0107 na ka\u017cdym typie nawierzchni.<br \/>\nDost\u0119pne w wersji zatwierdzonej do handlu.<br \/>\nDost\u0119pny w wersji o wysokiej rozdzielczo\u015bci.<\/p>\n","protected":false},"featured_media":67,"comment_status":"open","ping_status":"closed","template":"","meta":{"_et_pb_use_builder":"","_et_pb_old_content":"","_et_gb_content_width":""},"product_brand":[],"product_cat":[18,47],"product_tag":[],"class_list":{"0":"post-60","1":"product","2":"type-product","3":"status-publish","4":"has-post-thumbnail","6":"product_cat-waga-podkladkowa-bezprzewodowa","7":"product_cat-zestawy-bezprzewodowe","9":"first","10":"instock","11":"taxable","12":"shipping-taxable","13":"purchasable","14":"product-type-variable"},"yoast_head":"<!-- This site is optimized with the Yoast SEO plugin v27.4 - https:\/\/yoast.com\/product\/yoast-seo-wordpress\/ -->\n<title>Waga podk\u0142adkowa do wa\u017cenia pojazd\u00f3w WWSERF | WWS POLSKA<\/title>\n<meta name=\"robots\" content=\"index, follow, max-snippet:-1, max-image-preview:large, max-video-preview:-1\" \/>\n<link rel=\"canonical\" href=\"https:\/\/wwspolska.pl\/index.php\/produkt\/wwserf\/\" \/>\n<meta property=\"og:locale\" content=\"pl_PL\" \/>\n<meta property=\"og:type\" content=\"article\" \/>\n<meta property=\"og:title\" content=\"Waga podk\u0142adkowa do wa\u017cenia pojazd\u00f3w WWSERF | WWS POLSKA\" \/>\n<meta property=\"og:description\" content=\"CECHY  Wymiary podk\u0142adki: 750x450mm Obszar wa\u017cenia: 600x365mm Wymiary gabarytowe: patrz rysunek techniczny Waga: oko\u0142o 28kg. Bardzo przydatny. Solidna konstrukcja, wykonana ze specjalnego aluminium, gwarantuje lekko\u015b\u0107 i sprawia, \u017ce \u200b\u200bpodk\u0142adki te sprawdzaj\u0105 si\u0119 tak\u017ce w trudnych warunkach pracy. Ogniwa obci\u0105\u017cnikowe ze stali nierdzewnej. Og\u00f3lny stopie\u0144 ochrony IP68. Solidny wbudowany wska\u017anik masy, chroniony hermetyczn\u0105 obudow\u0105 IP68. Wbudowany modu\u0142 radiowy umo\u017cliwiaj\u0105cy transmisj\u0119 masy do zdalnego wska\u017anika lub urz\u0105dzenia zewn\u0119trznego. Maks. odleg\u0142o\u015b\u0107 dzia\u0142ania: 50m. Zintegrowane k\u00f3\u0142ka u\u0142atwiaj\u0105ce transport i pozycjonowanie. Zasilanie: wewn\u0119trzny akumulator (oko\u0142o 40 godzin pracy), przechowywany w hermetycznym pude\u0142ku, w zestawie \u0142adowarka (nie u\u017cywana jako zasilacz). Specjalna wulkanizowana guma antypo\u015blizgowa zastosowana pod podk\u0142adk\u0105 zapewnia dobr\u0105 przyczepno\u015b\u0107 na ka\u017cdym typie nawierzchni. Dost\u0119pne w wersji zatwierdzonej do handlu. Dost\u0119pny w wersji o wysokiej rozdzielczo\u015bci.\" \/>\n<meta property=\"og:url\" content=\"https:\/\/wwspolska.pl\/index.php\/produkt\/wwserf\/\" \/>\n<meta property=\"og:site_name\" content=\"WWS POLSKA\" \/>\n<meta property=\"article:modified_time\" content=\"2026-03-30T18:38:27+00:00\" \/>\n<meta property=\"og:image\" content=\"https:\/\/wwspolska.pl\/wp-content\/uploads\/2022\/05\/WWSERF.jpg\" \/>\n\t<meta property=\"og:image:width\" content=\"350\" \/>\n\t<meta property=\"og:image:height\" content=\"350\" \/>\n\t<meta property=\"og:image:type\" content=\"image\/jpeg\" \/>\n<meta name=\"twitter:card\" content=\"summary_large_image\" \/>\n<meta name=\"twitter:label1\" content=\"Szacowany czas czytania\" \/>\n\t<meta name=\"twitter:data1\" content=\"1 minuta\" \/>\n<script type=\"application\/ld+json\" class=\"yoast-schema-graph\">{\"@context\":\"https:\\\/\\\/schema.org\",\"@graph\":[{\"@type\":\"WebPage\",\"@id\":\"https:\\\/\\\/wwspolska.pl\\\/index.php\\\/produkt\\\/wwserf\\\/\",\"url\":\"https:\\\/\\\/wwspolska.pl\\\/index.php\\\/produkt\\\/wwserf\\\/\",\"name\":\"Waga podk\u0142adkowa do wa\u017cenia pojazd\u00f3w WWSERF | WWS POLSKA\",\"isPartOf\":{\"@id\":\"https:\\\/\\\/wwspolska.pl\\\/#website\"},\"primaryImageOfPage\":{\"@id\":\"https:\\\/\\\/wwspolska.pl\\\/index.php\\\/produkt\\\/wwserf\\\/#primaryimage\"},\"image\":{\"@id\":\"https:\\\/\\\/wwspolska.pl\\\/index.php\\\/produkt\\\/wwserf\\\/#primaryimage\"},\"thumbnailUrl\":\"https:\\\/\\\/wwspolska.pl\\\/wp-content\\\/uploads\\\/2022\\\/05\\\/WWSERF.jpg\",\"datePublished\":\"2022-05-13T10:02:48+00:00\",\"dateModified\":\"2026-03-30T18:38:27+00:00\",\"breadcrumb\":{\"@id\":\"https:\\\/\\\/wwspolska.pl\\\/index.php\\\/produkt\\\/wwserf\\\/#breadcrumb\"},\"inLanguage\":\"pl-PL\",\"potentialAction\":[{\"@type\":\"ReadAction\",\"target\":[\"https:\\\/\\\/wwspolska.pl\\\/index.php\\\/produkt\\\/wwserf\\\/\"]}]},{\"@type\":\"ImageObject\",\"inLanguage\":\"pl-PL\",\"@id\":\"https:\\\/\\\/wwspolska.pl\\\/index.php\\\/produkt\\\/wwserf\\\/#primaryimage\",\"url\":\"https:\\\/\\\/wwspolska.pl\\\/wp-content\\\/uploads\\\/2022\\\/05\\\/WWSERF.jpg\",\"contentUrl\":\"https:\\\/\\\/wwspolska.pl\\\/wp-content\\\/uploads\\\/2022\\\/05\\\/WWSERF.jpg\",\"width\":350,\"height\":350},{\"@type\":\"BreadcrumbList\",\"@id\":\"https:\\\/\\\/wwspolska.pl\\\/index.php\\\/produkt\\\/wwserf\\\/#breadcrumb\",\"itemListElement\":[{\"@type\":\"ListItem\",\"position\":1,\"name\":\"Strona g\u0142\u00f3wna\",\"item\":\"https:\\\/\\\/wwspolska.pl\\\/\"},{\"@type\":\"ListItem\",\"position\":2,\"name\":\"Sklep\",\"item\":\"https:\\\/\\\/wwspolska.pl\\\/index.php\\\/sklep\\\/\"},{\"@type\":\"ListItem\",\"position\":3,\"name\":\"WWSERF\"}]},{\"@type\":\"WebSite\",\"@id\":\"https:\\\/\\\/wwspolska.pl\\\/#website\",\"url\":\"https:\\\/\\\/wwspolska.pl\\\/\",\"name\":\"WWS POLSKA\",\"description\":\"Mobilne wagi samochodowe\",\"publisher\":{\"@id\":\"https:\\\/\\\/wwspolska.pl\\\/#organization\"},\"potentialAction\":[{\"@type\":\"SearchAction\",\"target\":{\"@type\":\"EntryPoint\",\"urlTemplate\":\"https:\\\/\\\/wwspolska.pl\\\/?s={search_term_string}\"},\"query-input\":{\"@type\":\"PropertyValueSpecification\",\"valueRequired\":true,\"valueName\":\"search_term_string\"}}],\"inLanguage\":\"pl-PL\"},{\"@type\":\"Organization\",\"@id\":\"https:\\\/\\\/wwspolska.pl\\\/#organization\",\"name\":\"WWS POLSKA\",\"url\":\"https:\\\/\\\/wwspolska.pl\\\/\",\"logo\":{\"@type\":\"ImageObject\",\"inLanguage\":\"pl-PL\",\"@id\":\"https:\\\/\\\/wwspolska.pl\\\/#\\\/schema\\\/logo\\\/image\\\/\",\"url\":\"https:\\\/\\\/wwspolska.pl\\\/wp-content\\\/uploads\\\/2024\\\/04\\\/WWS-Polska-2-e1713207082943.png\",\"contentUrl\":\"https:\\\/\\\/wwspolska.pl\\\/wp-content\\\/uploads\\\/2024\\\/04\\\/WWS-Polska-2-e1713207082943.png\",\"width\":500,\"height\":111,\"caption\":\"WWS POLSKA\"},\"image\":{\"@id\":\"https:\\\/\\\/wwspolska.pl\\\/#\\\/schema\\\/logo\\\/image\\\/\"}}]}<\/script>\n<!-- \/ Yoast SEO plugin. -->","yoast_head_json":{"title":"Waga podk\u0142adkowa do wa\u017cenia pojazd\u00f3w WWSERF | WWS POLSKA","robots":{"index":"index","follow":"follow","max-snippet":"max-snippet:-1","max-image-preview":"max-image-preview:large","max-video-preview":"max-video-preview:-1"},"canonical":"https:\/\/wwspolska.pl\/index.php\/produkt\/wwserf\/","og_locale":"pl_PL","og_type":"article","og_title":"Waga podk\u0142adkowa do wa\u017cenia pojazd\u00f3w WWSERF | WWS POLSKA","og_description":"CECHY  Wymiary podk\u0142adki: 750x450mm Obszar wa\u017cenia: 600x365mm Wymiary gabarytowe: patrz rysunek techniczny Waga: oko\u0142o 28kg. Bardzo przydatny. Solidna konstrukcja, wykonana ze specjalnego aluminium, gwarantuje lekko\u015b\u0107 i sprawia, \u017ce \u200b\u200bpodk\u0142adki te sprawdzaj\u0105 si\u0119 tak\u017ce w trudnych warunkach pracy. Ogniwa obci\u0105\u017cnikowe ze stali nierdzewnej. Og\u00f3lny stopie\u0144 ochrony IP68. Solidny wbudowany wska\u017anik masy, chroniony hermetyczn\u0105 obudow\u0105 IP68. Wbudowany modu\u0142 radiowy umo\u017cliwiaj\u0105cy transmisj\u0119 masy do zdalnego wska\u017anika lub urz\u0105dzenia zewn\u0119trznego. Maks. odleg\u0142o\u015b\u0107 dzia\u0142ania: 50m. Zintegrowane k\u00f3\u0142ka u\u0142atwiaj\u0105ce transport i pozycjonowanie. Zasilanie: wewn\u0119trzny akumulator (oko\u0142o 40 godzin pracy), przechowywany w hermetycznym pude\u0142ku, w zestawie \u0142adowarka (nie u\u017cywana jako zasilacz). Specjalna wulkanizowana guma antypo\u015blizgowa zastosowana pod podk\u0142adk\u0105 zapewnia dobr\u0105 przyczepno\u015b\u0107 na ka\u017cdym typie nawierzchni. Dost\u0119pne w wersji zatwierdzonej do handlu. Dost\u0119pny w wersji o wysokiej rozdzielczo\u015bci.","og_url":"https:\/\/wwspolska.pl\/index.php\/produkt\/wwserf\/","og_site_name":"WWS POLSKA","article_modified_time":"2026-03-30T18:38:27+00:00","og_image":[{"width":350,"height":350,"url":"https:\/\/wwspolska.pl\/wp-content\/uploads\/2022\/05\/WWSERF.jpg","type":"image\/jpeg"}],"twitter_card":"summary_large_image","twitter_misc":{"Szacowany czas czytania":"1 minuta"},"schema":{"@context":"https:\/\/schema.org","@graph":[{"@type":"WebPage","@id":"https:\/\/wwspolska.pl\/index.php\/produkt\/wwserf\/","url":"https:\/\/wwspolska.pl\/index.php\/produkt\/wwserf\/","name":"Waga podk\u0142adkowa do wa\u017cenia pojazd\u00f3w WWSERF | WWS POLSKA","isPartOf":{"@id":"https:\/\/wwspolska.pl\/#website"},"primaryImageOfPage":{"@id":"https:\/\/wwspolska.pl\/index.php\/produkt\/wwserf\/#primaryimage"},"image":{"@id":"https:\/\/wwspolska.pl\/index.php\/produkt\/wwserf\/#primaryimage"},"thumbnailUrl":"https:\/\/wwspolska.pl\/wp-content\/uploads\/2022\/05\/WWSERF.jpg","datePublished":"2022-05-13T10:02:48+00:00","dateModified":"2026-03-30T18:38:27+00:00","breadcrumb":{"@id":"https:\/\/wwspolska.pl\/index.php\/produkt\/wwserf\/#breadcrumb"},"inLanguage":"pl-PL","potentialAction":[{"@type":"ReadAction","target":["https:\/\/wwspolska.pl\/index.php\/produkt\/wwserf\/"]}]},{"@type":"ImageObject","inLanguage":"pl-PL","@id":"https:\/\/wwspolska.pl\/index.php\/produkt\/wwserf\/#primaryimage","url":"https:\/\/wwspolska.pl\/wp-content\/uploads\/2022\/05\/WWSERF.jpg","contentUrl":"https:\/\/wwspolska.pl\/wp-content\/uploads\/2022\/05\/WWSERF.jpg","width":350,"height":350},{"@type":"BreadcrumbList","@id":"https:\/\/wwspolska.pl\/index.php\/produkt\/wwserf\/#breadcrumb","itemListElement":[{"@type":"ListItem","position":1,"name":"Strona g\u0142\u00f3wna","item":"https:\/\/wwspolska.pl\/"},{"@type":"ListItem","position":2,"name":"Sklep","item":"https:\/\/wwspolska.pl\/index.php\/sklep\/"},{"@type":"ListItem","position":3,"name":"WWSERF"}]},{"@type":"WebSite","@id":"https:\/\/wwspolska.pl\/#website","url":"https:\/\/wwspolska.pl\/","name":"WWS POLSKA","description":"Mobilne wagi samochodowe","publisher":{"@id":"https:\/\/wwspolska.pl\/#organization"},"potentialAction":[{"@type":"SearchAction","target":{"@type":"EntryPoint","urlTemplate":"https:\/\/wwspolska.pl\/?s={search_term_string}"},"query-input":{"@type":"PropertyValueSpecification","valueRequired":true,"valueName":"search_term_string"}}],"inLanguage":"pl-PL"},{"@type":"Organization","@id":"https:\/\/wwspolska.pl\/#organization","name":"WWS POLSKA","url":"https:\/\/wwspolska.pl\/","logo":{"@type":"ImageObject","inLanguage":"pl-PL","@id":"https:\/\/wwspolska.pl\/#\/schema\/logo\/image\/","url":"https:\/\/wwspolska.pl\/wp-content\/uploads\/2024\/04\/WWS-Polska-2-e1713207082943.png","contentUrl":"https:\/\/wwspolska.pl\/wp-content\/uploads\/2024\/04\/WWS-Polska-2-e1713207082943.png","width":500,"height":111,"caption":"WWS POLSKA"},"image":{"@id":"https:\/\/wwspolska.pl\/#\/schema\/logo\/image\/"}}]}},"_links":{"self":[{"href":"https:\/\/wwspolska.pl\/index.php\/wp-json\/wp\/v2\/product\/60","targetHints":{"allow":["GET"]}}],"collection":[{"href":"https:\/\/wwspolska.pl\/index.php\/wp-json\/wp\/v2\/product"}],"about":[{"href":"https:\/\/wwspolska.pl\/index.php\/wp-json\/wp\/v2\/types\/product"}],"replies":[{"embeddable":true,"href":"https:\/\/wwspolska.pl\/index.php\/wp-json\/wp\/v2\/comments?post=60"}],"wp:featuredmedia":[{"embeddable":true,"href":"https:\/\/wwspolska.pl\/index.php\/wp-json\/wp\/v2\/media\/67"}],"wp:attachment":[{"href":"https:\/\/wwspolska.pl\/index.php\/wp-json\/wp\/v2\/media?parent=60"}],"wp:term":[{"taxonomy":"product_brand","embeddable":true,"href":"https:\/\/wwspolska.pl\/index.php\/wp-json\/wp\/v2\/product_brand?post=60"},{"taxonomy":"product_cat","embeddable":true,"href":"https:\/\/wwspolska.pl\/index.php\/wp-json\/wp\/v2\/product_cat?post=60"},{"taxonomy":"product_tag","embeddable":true,"href":"https:\/\/wwspolska.pl\/index.php\/wp-json\/wp\/v2\/product_tag?post=60"}],"curies":[{"name":"wp","href":"https:\/\/api.w.org\/{rel}","templated":true}]}}